{"id":12641,"date":"2023-01-04T11:57:58","date_gmt":"2023-01-04T19:57:58","guid":{"rendered":"https:\/\/health.calm.com\/?page_id=12641"},"modified":"2025-03-21T15:43:56","modified_gmt":"2025-03-21T22:43:56","slug":"como-convidar-dependentes-para-aproveitar-seus-beneficios-do-calm-para-empresas","status":"publish","type":"page","link":"https:\/\/health.calm.com\/pt-br\/como-convidar-dependentes-para-aproveitar-seus-beneficios-do-calm-para-empresas\/","title":{"rendered":"Como convidar dependentes para aproveitar seus benef\u00edcios do Calm para empresas"},"content":{"rendered":"\n\n<section class=\"copy-block copy-block--center  block block--block_f5859fde167c4355f470a5d1e9192583\">\n    <style>\n          @media (min-width: 0px) {\n        .block--block_f5859fde167c4355f470a5d1e9192583 {\n          margin-top: 6rem!important;          margin-bottom: 2rem!important;        }\n      }\n          @media (min-width: 1025px) {\n        .block--block_f5859fde167c4355f470a5d1e9192583 {\n          margin-top: 9rem!important;                  }\n      }\n      <\/style>\n  <div class=\"container\">\n    <div class=\"row row--jcc text-center \">\n      <div class=\"col-xs-12 col-lg-10 col-xl-9\">\n        <div class=\"copy-block__copy copy \">\n          <h1><span class=\"text-navy\">Como convidar dependentes para aproveitar seus benef\u00edcios do Calm para empresas<\/span><\/h1>\n<p class=\"lead\">Siga as etapas abaixo para convidar seus dependentes a acessar os benef\u00edcios do Calm para empresas. Os dependentes precisam ter 16 anos ou mais. Se voc\u00ea tiver mais perguntas, consulte nossa <a href=\"https:\/\/support.calm.com\/hc\/pt-br\/sections\/7515024959003-Para-dependentes\">Central de Ajuda<\/a> ou entre em contato com nossa <a href=\"https:\/\/support.calm.com\/hc\/pt-br\/requests\/new\">equipe de atendimento ao cliente<\/a>.<\/p>\n\n        <\/div>\n      <\/div>\n    <\/div>\n  <\/div>\n<\/section>\n\n\n\n<section class=\"step-cards block block--block_bd0c12795c70df9fc06f0427fe03fac7\">\n    <style>\n          @media (min-width: 0px) {\n        .block--block_bd0c12795c70df9fc06f0427fe03fac7 {\n          margin-top: 2rem!important;                  }\n      }\n      <\/style>\n  <div class=\"container\">\n    <div class=\"row row--jcc\">\n      <div class=\"col-xs-12 col-xl-10 step-cards__wrapper\">\n                  <div class=\"step-cards__card-wrapper\">\n            <div class=\"card step-cards__card\">\n              <h2 class=\"step-cards__title\"> Passo 1<\/h2>\n              <div class=\"step-cards__copy\">\n                <p>Assim que ativar sua assinatura fornecida pelo empregador, voc\u00ea ter\u00e1 acesso ao bot\u00e3o &#8220;Gerenciar dependentes&#8221; em <a href=\"https:\/\/www.calm.com\/profile\/manage-subscription\">Gerenciar assinatura<\/a> na sua conta do Calm no site <a href=\"http:\/\/www.calm.com\/\">www.calm.com<\/a>. Esse recurso n\u00e3o est\u00e1 dispon\u00edvel no aplicativo.<\/p>\n\n              <\/div>\n              <div class=\"step-cards__image\">\n                \n\n\n\n  <picture>\n    \n    \n                  <source media=\"(min-width: 1024px)\" data-srcset=\"https:\/\/health.calm.com\/wp-content\/uploads\/2023\/05\/Dependents_PT_1-847x0-c-center.webp 1x, https:\/\/health.calm.com\/wp-content\/uploads\/2023\/05\/Dependents_PT_1-1694x0-c-center.webp 2x\" type=\"image\/webp\">\n            <source media=\"(min-width: 1024px)\" data-srcset=\"https:\/\/health.calm.com\/wp-content\/uploads\/2023\/05\/Dependents_PT_1-847x0-c-center.png 1x, https:\/\/health.calm.com\/wp-content\/uploads\/2023\/05\/Dependents_PT_1-1694x0-c-center.png 2x\" type=\"image\/png\">\n    \n                  <source media=\"(min-width: 768px)\" data-srcset=\"https:\/\/health.calm.com\/wp-content\/uploads\/2023\/05\/Dependents_PT_1-655x0-c-center.webp 1x, https:\/\/health.calm.com\/wp-content\/uploads\/2023\/05\/Dependents_PT_1-1310x0-c-center.webp 2x\" type=\"image\/webp\">\n            <source media=\"(min-width: 768px)\" data-srcset=\"https:\/\/health.calm.com\/wp-content\/uploads\/2023\/05\/Dependents_PT_1-655x0-c-center.png 1x, https:\/\/health.calm.com\/wp-content\/uploads\/2023\/05\/Dependents_PT_1-1310x0-c-center.png 2x\" type=\"image\/png\">\n    \n        \n                  <source media=\"(min-width: 0px)\" data-srcset=\"https:\/\/health.calm.com\/wp-content\/uploads\/2023\/05\/Dependents_PT_1-400x0-c-center.webp 1x, https:\/\/health.calm.com\/wp-content\/uploads\/2023\/05\/Dependents_PT_1-800x0-c-center.webp 2x\" type=\"image\/webp\">\n            <source media=\"(min-width: 0px)\" data-srcset=\"https:\/\/health.calm.com\/wp-content\/uploads\/2023\/05\/Dependents_PT_1-400x0-c-center.png 1x, https:\/\/health.calm.com\/wp-content\/uploads\/2023\/05\/Dependents_PT_1-800x0-c-center.png 2x\" type=\"image\/png\">\n            \n    <img decoding=\"async\"\n                        src=\"data:image\/svg+xml,%3Csvg xmlns='http:\/\/www.w3.org\/2000\/svg' viewBox='0 0 800 0'%3E%3C\/svg%3E\"\n                \n        data-srcset=\"https:\/\/health.calm.com\/wp-content\/uploads\/2023\/05\/Dependents_PT_1-400x0-c-center.png 1x, https:\/\/health.calm.com\/wp-content\/uploads\/2023\/05\/Dependents_PT_1-800x0-c-center.png 2x\" \n        data-src=\"https:\/\/health.calm.com\/wp-content\/uploads\/2023\/05\/Dependents_PT_1-400x0-c-center.png\" \n        class=\"lazyload \"\n        loading=\"lazy\"\n\n      \n      alt=\"a computer screen with a web page on it\" \n      width=\"800\"\n      height=\"800\"\n    >\n  <\/picture>\n              <\/div>\n            <\/div>\n          <\/div>\n                  <div class=\"step-cards__card-wrapper\">\n            <div class=\"card step-cards__card\">\n              <h2 class=\"step-cards__title\"> Passo 2<\/h2>\n              <div class=\"step-cards__copy\">\n                <p>Clique em \u201cGerenciar dependentes\u201d para acessar uma nova p\u00e1gina. Nessa nova p\u00e1gina, use o bot\u00e3o &#8220;Convidar dependentes&#8221; para gerenciar os dependentes que poder\u00e3o aproveitar seus benef\u00edcios do Calm para empresas.<\/p>\n\n              <\/div>\n              <div class=\"step-cards__image\">\n                \n\n\n\n  <picture>\n    \n    \n                  <source media=\"(min-width: 1024px)\" data-srcset=\"https:\/\/health.calm.com\/wp-content\/uploads\/2023\/05\/Dependents_PT_2-847x0-c-center.webp 1x, https:\/\/health.calm.com\/wp-content\/uploads\/2023\/05\/Dependents_PT_2-1694x0-c-center.webp 2x\" type=\"image\/webp\">\n            <source media=\"(min-width: 1024px)\" data-srcset=\"https:\/\/health.calm.com\/wp-content\/uploads\/2023\/05\/Dependents_PT_2-847x0-c-center.png 1x, https:\/\/health.calm.com\/wp-content\/uploads\/2023\/05\/Dependents_PT_2-1694x0-c-center.png 2x\" type=\"image\/png\">\n    \n                  <source media=\"(min-width: 768px)\" data-srcset=\"https:\/\/health.calm.com\/wp-content\/uploads\/2023\/05\/Dependents_PT_2-655x0-c-center.webp 1x, https:\/\/health.calm.com\/wp-content\/uploads\/2023\/05\/Dependents_PT_2-1310x0-c-center.webp 2x\" type=\"image\/webp\">\n            <source media=\"(min-width: 768px)\" data-srcset=\"https:\/\/health.calm.com\/wp-content\/uploads\/2023\/05\/Dependents_PT_2-655x0-c-center.png 1x, https:\/\/health.calm.com\/wp-content\/uploads\/2023\/05\/Dependents_PT_2-1310x0-c-center.png 2x\" type=\"image\/png\">\n    \n        \n                  <source media=\"(min-width: 0px)\" data-srcset=\"https:\/\/health.calm.com\/wp-content\/uploads\/2023\/05\/Dependents_PT_2-400x0-c-center.webp 1x, https:\/\/health.calm.com\/wp-content\/uploads\/2023\/05\/Dependents_PT_2-800x0-c-center.webp 2x\" type=\"image\/webp\">\n            <source media=\"(min-width: 0px)\" data-srcset=\"https:\/\/health.calm.com\/wp-content\/uploads\/2023\/05\/Dependents_PT_2-400x0-c-center.png 1x, https:\/\/health.calm.com\/wp-content\/uploads\/2023\/05\/Dependents_PT_2-800x0-c-center.png 2x\" type=\"image\/png\">\n            \n    <img decoding=\"async\"\n                        src=\"data:image\/svg+xml,%3Csvg xmlns='http:\/\/www.w3.org\/2000\/svg' viewBox='0 0 800 0'%3E%3C\/svg%3E\"\n                \n        data-srcset=\"https:\/\/health.calm.com\/wp-content\/uploads\/2023\/05\/Dependents_PT_2-400x0-c-center.png 1x, https:\/\/health.calm.com\/wp-content\/uploads\/2023\/05\/Dependents_PT_2-800x0-c-center.png 2x\" \n        data-src=\"https:\/\/health.calm.com\/wp-content\/uploads\/2023\/05\/Dependents_PT_2-400x0-c-center.png\" \n        class=\"lazyload \"\n        loading=\"lazy\"\n\n      \n      alt=\"a computer screen with a blue background\" \n      width=\"800\"\n      height=\"800\"\n    >\n  <\/picture>\n              <\/div>\n            <\/div>\n          <\/div>\n                  <div class=\"step-cards__card-wrapper\">\n            <div class=\"card step-cards__card\">\n              <h2 class=\"step-cards__title\"> Passo 3<\/h2>\n              <div class=\"step-cards__copy\">\n                <p>Copie e cole o link do convite para compartilh\u00e1-lo diretamente com os dependentes que voc\u00ea escolheu. Voc\u00ea tamb\u00e9m pode usar o bot\u00e3o \u201cEnviar link por e-mail\u201d para enviar o link diretamente da sua conta do Calm. Certifique-se de que seus dependentes j\u00e1 tenham baixado a vers\u00e3o mais atualizada do aplicativo do Calm.<\/p>\n\n              <\/div>\n              <div class=\"step-cards__image\">\n                \n\n\n\n  <picture>\n    \n    \n                  <source media=\"(min-width: 1024px)\" data-srcset=\"https:\/\/health.calm.com\/wp-content\/uploads\/2023\/05\/Dependents_PT_3-847x0-c-center.webp 1x, https:\/\/health.calm.com\/wp-content\/uploads\/2023\/05\/Dependents_PT_3-1694x0-c-center.webp 2x\" type=\"image\/webp\">\n            <source media=\"(min-width: 1024px)\" data-srcset=\"https:\/\/health.calm.com\/wp-content\/uploads\/2023\/05\/Dependents_PT_3-847x0-c-center.png 1x, https:\/\/health.calm.com\/wp-content\/uploads\/2023\/05\/Dependents_PT_3-1694x0-c-center.png 2x\" type=\"image\/png\">\n    \n                  <source media=\"(min-width: 768px)\" data-srcset=\"https:\/\/health.calm.com\/wp-content\/uploads\/2023\/05\/Dependents_PT_3-655x0-c-center.webp 1x, https:\/\/health.calm.com\/wp-content\/uploads\/2023\/05\/Dependents_PT_3-1310x0-c-center.webp 2x\" type=\"image\/webp\">\n            <source media=\"(min-width: 768px)\" data-srcset=\"https:\/\/health.calm.com\/wp-content\/uploads\/2023\/05\/Dependents_PT_3-655x0-c-center.png 1x, https:\/\/health.calm.com\/wp-content\/uploads\/2023\/05\/Dependents_PT_3-1310x0-c-center.png 2x\" type=\"image\/png\">\n    \n        \n                  <source media=\"(min-width: 0px)\" data-srcset=\"https:\/\/health.calm.com\/wp-content\/uploads\/2023\/05\/Dependents_PT_3-400x0-c-center.webp 1x, https:\/\/health.calm.com\/wp-content\/uploads\/2023\/05\/Dependents_PT_3-800x0-c-center.webp 2x\" type=\"image\/webp\">\n            <source media=\"(min-width: 0px)\" data-srcset=\"https:\/\/health.calm.com\/wp-content\/uploads\/2023\/05\/Dependents_PT_3-400x0-c-center.png 1x, https:\/\/health.calm.com\/wp-content\/uploads\/2023\/05\/Dependents_PT_3-800x0-c-center.png 2x\" type=\"image\/png\">\n            \n    <img decoding=\"async\"\n                        src=\"data:image\/svg+xml,%3Csvg xmlns='http:\/\/www.w3.org\/2000\/svg' viewBox='0 0 800 0'%3E%3C\/svg%3E\"\n                \n        data-srcset=\"https:\/\/health.calm.com\/wp-content\/uploads\/2023\/05\/Dependents_PT_3-400x0-c-center.png 1x, https:\/\/health.calm.com\/wp-content\/uploads\/2023\/05\/Dependents_PT_3-800x0-c-center.png 2x\" \n        data-src=\"https:\/\/health.calm.com\/wp-content\/uploads\/2023\/05\/Dependents_PT_3-400x0-c-center.png\" \n        class=\"lazyload \"\n        loading=\"lazy\"\n\n      \n      alt=\"a screen shot of a web page with a blue background\" \n      width=\"800\"\n      height=\"800\"\n    >\n  <\/picture>\n              <\/div>\n            <\/div>\n          <\/div>\n              <\/div>\n    <\/div>\n   <\/div>\n<\/section>","protected":false},"excerpt":{"rendered":"","protected":false},"author":21,"featured_media":0,"parent":0,"menu_order":0,"comment_status":"closed","ping_status":"closed","template":"","meta":{"_acf_changed":false,"inline_featured_image":false,"footnotes":""},"class_list":["post-12641","page","type-page","status-publish","hentry"],"acf":[],"yoast_head":"<!-- This site is optimized with the Yoast SEO Premium plugin v27.3 (Yoast SEO v27.3) - https:\/\/yoast.com\/product\/yoast-seo-premium-wordpress\/ -->\n<title>Como convidar dependentes para aproveitar seus benef\u00edcios do Calm para empresas | Calm Health<\/title>\n<meta name=\"robots\" content=\"noindex, nofollow\" \/>\n<meta property=\"og:locale\" content=\"pt_BR\" \/>\n<meta property=\"og:type\" content=\"article\" \/>\n<meta property=\"og:title\" content=\"Como convidar dependentes para aproveitar seus benef\u00edcios do Calm para empresas\" \/>\n<meta property=\"og:url\" content=\"https:\/\/health.calm.com\/pt-br\/como-convidar-dependentes-para-aproveitar-seus-beneficios-do-calm-para-empresas\/\" \/>\n<meta property=\"og:site_name\" content=\"Calm Health\" \/>\n<meta property=\"article:publisher\" content=\"https:\/\/www.facebook.com\/calm\" \/>\n<meta property=\"article:modified_time\" content=\"2025-03-21T22:43:56+00:00\" \/>\n<meta name=\"twitter:card\" content=\"summary_large_image\" \/>\n<meta name=\"twitter:site\" content=\"@calm\" \/>\n<meta name=\"twitter:label1\" content=\"Est. tempo de leitura\" \/>\n\t<meta name=\"twitter:data1\" content=\"2 minutos\" \/>\n<script type=\"application\/ld+json\" class=\"yoast-schema-graph\">{\"@context\":\"https:\\\/\\\/schema.org\",\"@graph\":[{\"@type\":\"WebPage\",\"@id\":\"https:\\\/\\\/health.calm.com\\\/pt-br\\\/como-convidar-dependentes-para-aproveitar-seus-beneficios-do-calm-para-empresas\\\/\",\"url\":\"https:\\\/\\\/health.calm.com\\\/pt-br\\\/como-convidar-dependentes-para-aproveitar-seus-beneficios-do-calm-para-empresas\\\/\",\"name\":\"Como convidar dependentes para aproveitar seus benef\u00edcios do Calm para empresas | Calm Health\",\"isPartOf\":{\"@id\":\"https:\\\/\\\/health.calm.com\\\/pt-br\\\/#website\"},\"datePublished\":\"2023-01-04T19:57:58+00:00\",\"dateModified\":\"2025-03-21T22:43:56+00:00\",\"breadcrumb\":{\"@id\":\"https:\\\/\\\/health.calm.com\\\/pt-br\\\/como-convidar-dependentes-para-aproveitar-seus-beneficios-do-calm-para-empresas\\\/#breadcrumb\"},\"inLanguage\":\"pt-BR\",\"potentialAction\":[{\"@type\":\"ReadAction\",\"target\":[\"https:\\\/\\\/health.calm.com\\\/pt-br\\\/como-convidar-dependentes-para-aproveitar-seus-beneficios-do-calm-para-empresas\\\/\"]}]},{\"@type\":\"BreadcrumbList\",\"@id\":\"https:\\\/\\\/health.calm.com\\\/pt-br\\\/como-convidar-dependentes-para-aproveitar-seus-beneficios-do-calm-para-empresas\\\/#breadcrumb\",\"itemListElement\":[{\"@type\":\"ListItem\",\"position\":1,\"name\":\"Home\",\"item\":\"https:\\\/\\\/health.calm.com\\\/pt-br\\\/\"},{\"@type\":\"ListItem\",\"position\":2,\"name\":\"Como convidar dependentes para aproveitar seus benef\u00edcios do Calm para empresas\"}]},{\"@type\":\"WebSite\",\"@id\":\"https:\\\/\\\/health.calm.com\\\/pt-br\\\/#website\",\"url\":\"https:\\\/\\\/health.calm.com\\\/pt-br\\\/\",\"name\":\"Calm Health\",\"description\":\"A Clear Path to Mental Health Support\",\"publisher\":{\"@id\":\"https:\\\/\\\/health.calm.com\\\/pt-br\\\/#organization\"},\"alternateName\":\"Calm\",\"potentialAction\":[{\"@type\":\"SearchAction\",\"target\":{\"@type\":\"EntryPoint\",\"urlTemplate\":\"https:\\\/\\\/health.calm.com\\\/pt-br\\\/?s={search_term_string}\"},\"query-input\":{\"@type\":\"PropertyValueSpecification\",\"valueRequired\":true,\"valueName\":\"search_term_string\"}}],\"inLanguage\":\"pt-BR\"},{\"@type\":\"Organization\",\"@id\":\"https:\\\/\\\/health.calm.com\\\/pt-br\\\/#organization\",\"name\":\"Calm Health\",\"alternateName\":\"Calm\",\"url\":\"https:\\\/\\\/health.calm.com\\\/pt-br\\\/\",\"logo\":{\"@type\":\"ImageObject\",\"inLanguage\":\"pt-BR\",\"@id\":\"https:\\\/\\\/health.calm.com\\\/pt-br\\\/#\\\/schema\\\/logo\\\/image\\\/\",\"url\":\"https:\\\/\\\/health.calm.com\\\/wp-content\\\/uploads\\\/2024\\\/08\\\/calm-health-logo.png\",\"contentUrl\":\"https:\\\/\\\/health.calm.com\\\/wp-content\\\/uploads\\\/2024\\\/08\\\/calm-health-logo.png\",\"width\":557,\"height\":271,\"caption\":\"Calm Health\"},\"image\":{\"@id\":\"https:\\\/\\\/health.calm.com\\\/pt-br\\\/#\\\/schema\\\/logo\\\/image\\\/\"},\"sameAs\":[\"https:\\\/\\\/www.facebook.com\\\/calm\",\"https:\\\/\\\/x.com\\\/calm\",\"https:\\\/\\\/www.linkedin.com\\\/company\\\/calm-com\\\/\",\"https:\\\/\\\/www.instagram.com\\\/calm\"]}]}<\/script>\n<!-- \/ Yoast SEO Premium plugin. -->","yoast_head_json":{"title":"Como convidar dependentes para aproveitar seus benef\u00edcios do Calm para empresas | Calm Health","robots":{"index":"noindex","follow":"nofollow"},"og_locale":"pt_BR","og_type":"article","og_title":"Como convidar dependentes para aproveitar seus benef\u00edcios do Calm para empresas","og_url":"https:\/\/health.calm.com\/pt-br\/como-convidar-dependentes-para-aproveitar-seus-beneficios-do-calm-para-empresas\/","og_site_name":"Calm Health","article_publisher":"https:\/\/www.facebook.com\/calm","article_modified_time":"2025-03-21T22:43:56+00:00","twitter_card":"summary_large_image","twitter_site":"@calm","twitter_misc":{"Est. tempo de leitura":"2 minutos"},"schema":{"@context":"https:\/\/schema.org","@graph":[{"@type":"WebPage","@id":"https:\/\/health.calm.com\/pt-br\/como-convidar-dependentes-para-aproveitar-seus-beneficios-do-calm-para-empresas\/","url":"https:\/\/health.calm.com\/pt-br\/como-convidar-dependentes-para-aproveitar-seus-beneficios-do-calm-para-empresas\/","name":"Como convidar dependentes para aproveitar seus benef\u00edcios do Calm para empresas | Calm Health","isPartOf":{"@id":"https:\/\/health.calm.com\/pt-br\/#website"},"datePublished":"2023-01-04T19:57:58+00:00","dateModified":"2025-03-21T22:43:56+00:00","breadcrumb":{"@id":"https:\/\/health.calm.com\/pt-br\/como-convidar-dependentes-para-aproveitar-seus-beneficios-do-calm-para-empresas\/#breadcrumb"},"inLanguage":"pt-BR","potentialAction":[{"@type":"ReadAction","target":["https:\/\/health.calm.com\/pt-br\/como-convidar-dependentes-para-aproveitar-seus-beneficios-do-calm-para-empresas\/"]}]},{"@type":"BreadcrumbList","@id":"https:\/\/health.calm.com\/pt-br\/como-convidar-dependentes-para-aproveitar-seus-beneficios-do-calm-para-empresas\/#breadcrumb","itemListElement":[{"@type":"ListItem","position":1,"name":"Home","item":"https:\/\/health.calm.com\/pt-br\/"},{"@type":"ListItem","position":2,"name":"Como convidar dependentes para aproveitar seus benef\u00edcios do Calm para empresas"}]},{"@type":"WebSite","@id":"https:\/\/health.calm.com\/pt-br\/#website","url":"https:\/\/health.calm.com\/pt-br\/","name":"Calm Health","description":"A Clear Path to Mental Health Support","publisher":{"@id":"https:\/\/health.calm.com\/pt-br\/#organization"},"alternateName":"Calm","potentialAction":[{"@type":"SearchAction","target":{"@type":"EntryPoint","urlTemplate":"https:\/\/health.calm.com\/pt-br\/?s={search_term_string}"},"query-input":{"@type":"PropertyValueSpecification","valueRequired":true,"valueName":"search_term_string"}}],"inLanguage":"pt-BR"},{"@type":"Organization","@id":"https:\/\/health.calm.com\/pt-br\/#organization","name":"Calm Health","alternateName":"Calm","url":"https:\/\/health.calm.com\/pt-br\/","logo":{"@type":"ImageObject","inLanguage":"pt-BR","@id":"https:\/\/health.calm.com\/pt-br\/#\/schema\/logo\/image\/","url":"https:\/\/health.calm.com\/wp-content\/uploads\/2024\/08\/calm-health-logo.png","contentUrl":"https:\/\/health.calm.com\/wp-content\/uploads\/2024\/08\/calm-health-logo.png","width":557,"height":271,"caption":"Calm Health"},"image":{"@id":"https:\/\/health.calm.com\/pt-br\/#\/schema\/logo\/image\/"},"sameAs":["https:\/\/www.facebook.com\/calm","https:\/\/x.com\/calm","https:\/\/www.linkedin.com\/company\/calm-com\/","https:\/\/www.instagram.com\/calm"]}]}},"_links":{"self":[{"href":"https:\/\/health.calm.com\/pt-br\/wp-json\/wp\/v2\/pages\/12641","targetHints":{"allow":["GET"]}}],"collection":[{"href":"https:\/\/health.calm.com\/pt-br\/wp-json\/wp\/v2\/pages"}],"about":[{"href":"https:\/\/health.calm.com\/pt-br\/wp-json\/wp\/v2\/types\/page"}],"author":[{"embeddable":true,"href":"https:\/\/health.calm.com\/pt-br\/wp-json\/wp\/v2\/users\/21"}],"replies":[{"embeddable":true,"href":"https:\/\/health.calm.com\/pt-br\/wp-json\/wp\/v2\/comments?post=12641"}],"version-history":[{"count":10,"href":"https:\/\/health.calm.com\/pt-br\/wp-json\/wp\/v2\/pages\/12641\/revisions"}],"predecessor-version":[{"id":22399,"href":"https:\/\/health.calm.com\/pt-br\/wp-json\/wp\/v2\/pages\/12641\/revisions\/22399"}],"wp:attachment":[{"href":"https:\/\/health.calm.com\/pt-br\/wp-json\/wp\/v2\/media?parent=12641"}],"curies":[{"name":"wp","href":"https:\/\/api.w.org\/{rel}","templated":true}]}}