{"id":23335,"date":"2024-03-05T16:13:15","date_gmt":"2024-03-06T00:13:15","guid":{"rendered":"https:\/\/health.calm.com\/?page_id=23335"},"modified":"2025-06-18T11:26:59","modified_gmt":"2025-06-18T18:26:59","slug":"optout","status":"publish","type":"page","link":"https:\/\/health.calm.com\/fr\/optout\/","title":{"rendered":"Optout"},"content":{"rendered":"\n\n<section class=\"copy-block copy-block--blue-bg-center  block block--block_43e437de542050af99c74bfccb69c9d1\">\n    <style>\n          @media (min-width: 0px) {\n        .block--block_43e437de542050af99c74bfccb69c9d1 {\n          margin-top: 0!important;          margin-bottom: 2rem!important;        }\n      }\n      <\/style>\n  <div class=\"container\">\n    <div class=\"row row--jcc text-center \">\n      <div class=\"col-xs-12 col-lg-10 col-xl-9\">\n        <div class=\"copy-block__copy copy \">\n          <h2><span style=\"font-weight: 400;\">Refus<\/span><\/h2>\n<h3><span style=\"font-weight: 400;\">Derni\u00e8re mise \u00e0 jour le 2\u00a0f\u00e9vrier\u00a02024<\/span><\/h3>\n\n        <\/div>\n      <\/div>\n    <\/div>\n  <\/div>\n<\/section>\n\n\n\n<section class=\"optout block block--block_4647c3693e742dcdd1bc41b8ab3c3033\">\n    <style>\n          @media (min-width: 0px) {\n        .block--block_4647c3693e742dcdd1bc41b8ab3c3033 {\n          margin-top: 0!important;                  }\n      }\n      <\/style>\n  <div class=\"container\">\n    <div class=\"row row--jcc\">\n      <div class=\"col-xs-12 col-lg-10 col-xl-9\">\n        <div class=\"optout__content copy\">\n          <div class=\"optout__content__copy1\">\n            <p><span style=\"font-weight: 400;\">Nous utilisons des cookies et des technologies de suivi similaires, et nous autorisons nos partenaires publicitaires \u00e0 utiliser ces technologies pour pouvoir, entre autres, vous montrer des publicit\u00e9s promouvant Calm sur d\u2019autres sites Web et services. Nous pouvons \u00e9galement partager votre adresse e-mail dans un format anonymis\u00e9 pour vous cibler avec des publicit\u00e9s sur d\u2019autres sites Web ou \u00e0 des fins similaires. Ces activit\u00e9s peuvent \u00eatre consid\u00e9r\u00e9es comme de la \u00ab\u00a0vente\u00a0\u00bb, du \u00ab\u00a0partage\u00a0\u00bb ou de la \u00ab\u00a0publicit\u00e9 cibl\u00e9e\u00a0\u00bb en vertu de certaines lois sur la confidentialit\u00e9. Nous fournissons des instructions sur la fa\u00e7on de refuser ci-dessous.<\/span><\/p>\n<h4><span class=\"text-blue\" style=\"font-weight: 400;\">Cookies<\/span><\/h4>\n<p><span style=\"font-weight: 400;\">Pour refuser ces activit\u00e9s sur le site Web de Calm\u00a0Health, cliquez sur le bouton \u00ab\u00a0Opt Out of Targeting Cookies\u00a0\u00bb (Refuser les cookies de ciblage). Notez que vous devrez renouveler ce choix de refus si vous visitez notre site Web \u00e0 partir d\u2019un autre appareil ou navigateur, ou si vous supprimez vos cookies.<\/span><\/p>\n\n          <\/div>\n          <div class=\"optout__content__btn\">\n            <a href='javascript:void(0)' onclick='revisitCkyConsent()' class=\"btn btn--primary\">Refuser les cookies de ciblage<\/a>\n          <\/div>\n          <div class=\"optout__content__copy2\">\n            <h4><\/h4>\n<h4><\/h4>\n<h4><span class=\"text-blue\" style=\"font-weight: 400;\">Informations de compte<\/span><\/h4>\n<p><span style=\"font-weight: 400;\">Nous pouvons divulguer certaines informations personnelles li\u00e9es \u00e0 votre compte Calm\u00a0Health (ou que vous nous avez fournies), telles que votre adresse e-mail (d\u2019une mani\u00e8re qui ne vous identifie pas directement) afin de promouvoir Calm\u00a0Health sur d\u2019autres sites et services. Pour refuser, indiquez votre adresse e-mail dans le formulaire ci-dessous.<\/span><\/p>\n\n          <\/div>\n          <div class=\"optout__content__form\">\n              <style>.resource .mktoForm button[type=\"submit\"]:after { content: \"Submit\"; }<\/style>\n  <div class=\"form\">\n    <div class=\"text-center\">\n      <span class=\"loader form-loader\"><\/span>\n    <\/div>\n\n          <div id=\"form-message\" style=\"display:none;\"><p class=\"text-sm\"><em>Thank you for your opt-out inquiry. Calm will comply with your request within 15 business days. Please see our <a href=\"https:\/\/www.calm.com\/privacy-policy\" target=\"_blank\">Privacy Policy<\/a> to learn more about Calm\u2019s privacy practices.<\/em><\/p><\/div>\n    \n    <form id=\"mktoForm_1703\"><\/form> \n    <script>\n      document.addEventListener('marketobinded', () => {\n        MktoForms2.loadForm(\"\/\/info.calm.com\", \"541-LYF-023\", 1703, function(form) {\n          form.onSuccess(function(values, followUpUrl) {\n                          document.getElementById('form-message').style.display = 'block'\n              form.getFormElem().hide()\n                        return false;\n          });\n        });\n      });\n    <\/script>\n  <\/div>\n\n          <\/div>\n        <\/div>\n      <\/div>\n    <\/div>\n  <\/div>\n<\/section>","protected":false},"excerpt":{"rendered":"","protected":false},"author":1,"featured_media":0,"parent":0,"menu_order":0,"comment_status":"closed","ping_status":"closed","template":"","meta":{"_acf_changed":false,"inline_featured_image":false,"footnotes":""},"class_list":["post-23335","page","type-page","status-publish","hentry"],"acf":[],"yoast_head":"<!-- This site is optimized with the Yoast SEO Premium plugin v27.3 (Yoast SEO v27.3) - https:\/\/yoast.com\/product\/yoast-seo-premium-wordpress\/ -->\n<title>Optout | Calm Health<\/title>\n<meta name=\"robots\" content=\"noindex, nofollow\" \/>\n<meta property=\"og:locale\" content=\"fr_FR\" \/>\n<meta property=\"og:type\" content=\"article\" \/>\n<meta property=\"og:title\" content=\"Optout\" \/>\n<meta property=\"og:url\" content=\"https:\/\/health.calm.com\/fr\/optout\/\" \/>\n<meta property=\"og:site_name\" content=\"Calm Health\" \/>\n<meta property=\"article:publisher\" content=\"https:\/\/www.facebook.com\/calm\" \/>\n<meta property=\"article:modified_time\" content=\"2025-06-18T18:26:59+00:00\" \/>\n<meta name=\"twitter:card\" content=\"summary_large_image\" \/>\n<meta name=\"twitter:site\" content=\"@calm\" \/>\n<meta name=\"twitter:label1\" content=\"Dur\u00e9e de lecture estim\u00e9e\" \/>\n\t<meta name=\"twitter:data1\" content=\"2 minutes\" \/>\n<script type=\"application\/ld+json\" class=\"yoast-schema-graph\">{\"@context\":\"https:\\\/\\\/schema.org\",\"@graph\":[{\"@type\":\"WebPage\",\"@id\":\"https:\\\/\\\/health.calm.com\\\/fr\\\/optout\\\/\",\"url\":\"https:\\\/\\\/health.calm.com\\\/fr\\\/optout\\\/\",\"name\":\"Optout | Calm Health\",\"isPartOf\":{\"@id\":\"https:\\\/\\\/health.calm.com\\\/fr\\\/#website\"},\"datePublished\":\"2024-03-06T00:13:15+00:00\",\"dateModified\":\"2025-06-18T18:26:59+00:00\",\"breadcrumb\":{\"@id\":\"https:\\\/\\\/health.calm.com\\\/fr\\\/optout\\\/#breadcrumb\"},\"inLanguage\":\"fr-FR\",\"potentialAction\":[{\"@type\":\"ReadAction\",\"target\":[\"https:\\\/\\\/health.calm.com\\\/fr\\\/optout\\\/\"]}]},{\"@type\":\"BreadcrumbList\",\"@id\":\"https:\\\/\\\/health.calm.com\\\/fr\\\/optout\\\/#breadcrumb\",\"itemListElement\":[{\"@type\":\"ListItem\",\"position\":1,\"name\":\"Home\",\"item\":\"https:\\\/\\\/health.calm.com\\\/fr\\\/\"},{\"@type\":\"ListItem\",\"position\":2,\"name\":\"Optout\"}]},{\"@type\":\"WebSite\",\"@id\":\"https:\\\/\\\/health.calm.com\\\/fr\\\/#website\",\"url\":\"https:\\\/\\\/health.calm.com\\\/fr\\\/\",\"name\":\"Calm Health\",\"description\":\"A Clear Path to Mental Health Support\",\"publisher\":{\"@id\":\"https:\\\/\\\/health.calm.com\\\/fr\\\/#organization\"},\"alternateName\":\"Calm\",\"potentialAction\":[{\"@type\":\"SearchAction\",\"target\":{\"@type\":\"EntryPoint\",\"urlTemplate\":\"https:\\\/\\\/health.calm.com\\\/fr\\\/?s={search_term_string}\"},\"query-input\":{\"@type\":\"PropertyValueSpecification\",\"valueRequired\":true,\"valueName\":\"search_term_string\"}}],\"inLanguage\":\"fr-FR\"},{\"@type\":\"Organization\",\"@id\":\"https:\\\/\\\/health.calm.com\\\/fr\\\/#organization\",\"name\":\"Calm Health\",\"alternateName\":\"Calm\",\"url\":\"https:\\\/\\\/health.calm.com\\\/fr\\\/\",\"logo\":{\"@type\":\"ImageObject\",\"inLanguage\":\"fr-FR\",\"@id\":\"https:\\\/\\\/health.calm.com\\\/fr\\\/#\\\/schema\\\/logo\\\/image\\\/\",\"url\":\"https:\\\/\\\/health.calm.com\\\/wp-content\\\/uploads\\\/2024\\\/08\\\/calm-health-logo.png\",\"contentUrl\":\"https:\\\/\\\/health.calm.com\\\/wp-content\\\/uploads\\\/2024\\\/08\\\/calm-health-logo.png\",\"width\":557,\"height\":271,\"caption\":\"Calm Health\"},\"image\":{\"@id\":\"https:\\\/\\\/health.calm.com\\\/fr\\\/#\\\/schema\\\/logo\\\/image\\\/\"},\"sameAs\":[\"https:\\\/\\\/www.facebook.com\\\/calm\",\"https:\\\/\\\/x.com\\\/calm\",\"https:\\\/\\\/www.linkedin.com\\\/company\\\/calm-com\\\/\",\"https:\\\/\\\/www.instagram.com\\\/calm\"]}]}<\/script>\n<!-- \/ Yoast SEO Premium plugin. -->","yoast_head_json":{"title":"Optout | Calm Health","robots":{"index":"noindex","follow":"nofollow"},"og_locale":"fr_FR","og_type":"article","og_title":"Optout","og_url":"https:\/\/health.calm.com\/fr\/optout\/","og_site_name":"Calm Health","article_publisher":"https:\/\/www.facebook.com\/calm","article_modified_time":"2025-06-18T18:26:59+00:00","twitter_card":"summary_large_image","twitter_site":"@calm","twitter_misc":{"Dur\u00e9e de lecture estim\u00e9e":"2 minutes"},"schema":{"@context":"https:\/\/schema.org","@graph":[{"@type":"WebPage","@id":"https:\/\/health.calm.com\/fr\/optout\/","url":"https:\/\/health.calm.com\/fr\/optout\/","name":"Optout | Calm Health","isPartOf":{"@id":"https:\/\/health.calm.com\/fr\/#website"},"datePublished":"2024-03-06T00:13:15+00:00","dateModified":"2025-06-18T18:26:59+00:00","breadcrumb":{"@id":"https:\/\/health.calm.com\/fr\/optout\/#breadcrumb"},"inLanguage":"fr-FR","potentialAction":[{"@type":"ReadAction","target":["https:\/\/health.calm.com\/fr\/optout\/"]}]},{"@type":"BreadcrumbList","@id":"https:\/\/health.calm.com\/fr\/optout\/#breadcrumb","itemListElement":[{"@type":"ListItem","position":1,"name":"Home","item":"https:\/\/health.calm.com\/fr\/"},{"@type":"ListItem","position":2,"name":"Optout"}]},{"@type":"WebSite","@id":"https:\/\/health.calm.com\/fr\/#website","url":"https:\/\/health.calm.com\/fr\/","name":"Calm Health","description":"A Clear Path to Mental Health Support","publisher":{"@id":"https:\/\/health.calm.com\/fr\/#organization"},"alternateName":"Calm","potentialAction":[{"@type":"SearchAction","target":{"@type":"EntryPoint","urlTemplate":"https:\/\/health.calm.com\/fr\/?s={search_term_string}"},"query-input":{"@type":"PropertyValueSpecification","valueRequired":true,"valueName":"search_term_string"}}],"inLanguage":"fr-FR"},{"@type":"Organization","@id":"https:\/\/health.calm.com\/fr\/#organization","name":"Calm Health","alternateName":"Calm","url":"https:\/\/health.calm.com\/fr\/","logo":{"@type":"ImageObject","inLanguage":"fr-FR","@id":"https:\/\/health.calm.com\/fr\/#\/schema\/logo\/image\/","url":"https:\/\/health.calm.com\/wp-content\/uploads\/2024\/08\/calm-health-logo.png","contentUrl":"https:\/\/health.calm.com\/wp-content\/uploads\/2024\/08\/calm-health-logo.png","width":557,"height":271,"caption":"Calm Health"},"image":{"@id":"https:\/\/health.calm.com\/fr\/#\/schema\/logo\/image\/"},"sameAs":["https:\/\/www.facebook.com\/calm","https:\/\/x.com\/calm","https:\/\/www.linkedin.com\/company\/calm-com\/","https:\/\/www.instagram.com\/calm"]}]}},"_links":{"self":[{"href":"https:\/\/health.calm.com\/fr\/wp-json\/wp\/v2\/pages\/23335","targetHints":{"allow":["GET"]}}],"collection":[{"href":"https:\/\/health.calm.com\/fr\/wp-json\/wp\/v2\/pages"}],"about":[{"href":"https:\/\/health.calm.com\/fr\/wp-json\/wp\/v2\/types\/page"}],"author":[{"embeddable":true,"href":"https:\/\/health.calm.com\/fr\/wp-json\/wp\/v2\/users\/1"}],"replies":[{"embeddable":true,"href":"https:\/\/health.calm.com\/fr\/wp-json\/wp\/v2\/comments?post=23335"}],"version-history":[{"count":1,"href":"https:\/\/health.calm.com\/fr\/wp-json\/wp\/v2\/pages\/23335\/revisions"}],"predecessor-version":[{"id":23337,"href":"https:\/\/health.calm.com\/fr\/wp-json\/wp\/v2\/pages\/23335\/revisions\/23337"}],"wp:attachment":[{"href":"https:\/\/health.calm.com\/fr\/wp-json\/wp\/v2\/media?parent=23335"}],"curies":[{"name":"wp","href":"https:\/\/api.w.org\/{rel}","templated":true}]}}