{"id":11929,"date":"2023-01-04T11:57:58","date_gmt":"2023-01-04T19:57:58","guid":{"rendered":"https:\/\/health.calm.com\/?page_id=11929"},"modified":"2025-03-21T15:43:42","modified_gmt":"2025-03-21T22:43:42","slug":"how-to-invite-dependents-to-utilize-your-calm-business-benefit","status":"publish","type":"page","link":"https:\/\/health.calm.com\/fr\/how-to-invite-dependents-to-utilize-your-calm-business-benefit\/","title":{"rendered":"Comment inviter des utilisateurs \u00e0 profiter des avantages de votre forfait Calm Business"},"content":{"rendered":"\n\n<section class=\"copy-block copy-block--center  block block--block_61977e5f3d4c90f759508b91b3b60047\">\n    <style>\n          @media (min-width: 0px) {\n        .block--block_61977e5f3d4c90f759508b91b3b60047 {\n          margin-top: 6rem!important;          margin-bottom: 2rem!important;        }\n      }\n          @media (min-width: 1025px) {\n        .block--block_61977e5f3d4c90f759508b91b3b60047 {\n          margin-top: 9rem!important;                  }\n      }\n      <\/style>\n  <div class=\"container\">\n    <div class=\"row row--jcc text-center \">\n      <div class=\"col-xs-12 col-lg-10 col-xl-9\">\n        <div class=\"copy-block__copy copy \">\n          <h1><span class=\"text-navy\">Comment inviter des utilisateurs \u00e0 profiter des avantages de votre forfait Calm Business<\/span><\/h1>\n<p class=\"lead\">Suivez les \u00e9tapes ci-dessous pour permettre \u00e0 vos invit\u00e9s de profiter des avantages de Calm Business. Veuillez noter que les invit\u00e9s doivent \u00eatre \u00e2g\u00e9es d&rsquo;au moins 16 ans. Si vous avez d&rsquo;autres questions, veuillez consulter notre <a href=\"https:\/\/support.calm.com\/hc\/fr\/sections\/7515024959003-Pour-les-invit%C3%A9s\">Centre d&rsquo;aide<\/a> ou contacter notre <a href=\"https:\/\/support.calm.com\/hc\/fr\/requests\/new\">\u00e9quipe d&rsquo;assistance<\/a>.<\/p>\n\n        <\/div>\n      <\/div>\n    <\/div>\n  <\/div>\n<\/section>\n\n\n\n<section class=\"step-cards block block--block_46864ab7d5cac649911d4d705e878d67\">\n    <style>\n          @media (min-width: 0px) {\n        .block--block_46864ab7d5cac649911d4d705e878d67 {\n          margin-top: 2rem!important;                  }\n      }\n      <\/style>\n  <div class=\"container\">\n    <div class=\"row row--jcc\">\n      <div class=\"col-xs-12 col-xl-10 step-cards__wrapper\">\n                  <div class=\"step-cards__card-wrapper\">\n            <div class=\"card step-cards__card\">\n              <h2 class=\"step-cards__title\">\u00c9tape 1<\/h2>\n              <div class=\"step-cards__copy\">\n                <p>Apr\u00e8s avoir activ\u00e9 votre abonnement fourni par votre employeur, vous aurez acc\u00e8s au bouton G\u00e9rer les invit\u00e9s sur la page \u00ab <a href=\"https:\/\/www.calm.com\/profile\/manage-subscription\">G\u00e9rer l&rsquo;abonnement<\/a> \u00bb de votre compte Calm, \u00e0 partir du site Internet de Calm \u00e0 l&rsquo;adresse <a href=\"http:\/\/www.calm.com\/\">www.calm.com<\/a>. Cette fonctionnalit\u00e9 n&rsquo;est pas disponible sur l&rsquo;application mobile.<\/p>\n\n              <\/div>\n              <div class=\"step-cards__image\">\n                \n\n\n\n  <picture>\n    \n    \n                  <source media=\"(min-width: 1024px)\" data-srcset=\"https:\/\/health.calm.com\/wp-content\/uploads\/2023\/04\/Dependents_FR_1-1-847x0-c-center.webp 1x, https:\/\/health.calm.com\/wp-content\/uploads\/2023\/04\/Dependents_FR_1-1-1694x0-c-center.webp 2x\" type=\"image\/webp\">\n            <source media=\"(min-width: 1024px)\" data-srcset=\"https:\/\/health.calm.com\/wp-content\/uploads\/2023\/04\/Dependents_FR_1-1-847x0-c-center.png 1x, https:\/\/health.calm.com\/wp-content\/uploads\/2023\/04\/Dependents_FR_1-1-1694x0-c-center.png 2x\" type=\"image\/png\">\n    \n                  <source media=\"(min-width: 768px)\" data-srcset=\"https:\/\/health.calm.com\/wp-content\/uploads\/2023\/04\/Dependents_FR_1-1-655x0-c-center.webp 1x, https:\/\/health.calm.com\/wp-content\/uploads\/2023\/04\/Dependents_FR_1-1-1310x0-c-center.webp 2x\" type=\"image\/webp\">\n            <source media=\"(min-width: 768px)\" data-srcset=\"https:\/\/health.calm.com\/wp-content\/uploads\/2023\/04\/Dependents_FR_1-1-655x0-c-center.png 1x, https:\/\/health.calm.com\/wp-content\/uploads\/2023\/04\/Dependents_FR_1-1-1310x0-c-center.png 2x\" type=\"image\/png\">\n    \n        \n                  <source media=\"(min-width: 0px)\" data-srcset=\"https:\/\/health.calm.com\/wp-content\/uploads\/2023\/04\/Dependents_FR_1-1-400x0-c-center.webp 1x, https:\/\/health.calm.com\/wp-content\/uploads\/2023\/04\/Dependents_FR_1-1-800x0-c-center.webp 2x\" type=\"image\/webp\">\n            <source media=\"(min-width: 0px)\" data-srcset=\"https:\/\/health.calm.com\/wp-content\/uploads\/2023\/04\/Dependents_FR_1-1-400x0-c-center.png 1x, https:\/\/health.calm.com\/wp-content\/uploads\/2023\/04\/Dependents_FR_1-1-800x0-c-center.png 2x\" type=\"image\/png\">\n            \n    <img decoding=\"async\"\n                        src=\"data:image\/svg+xml,%3Csvg xmlns='http:\/\/www.w3.org\/2000\/svg' viewBox='0 0 800 0'%3E%3C\/svg%3E\"\n                \n        data-srcset=\"https:\/\/health.calm.com\/wp-content\/uploads\/2023\/04\/Dependents_FR_1-1-400x0-c-center.png 1x, https:\/\/health.calm.com\/wp-content\/uploads\/2023\/04\/Dependents_FR_1-1-800x0-c-center.png 2x\" \n        data-src=\"https:\/\/health.calm.com\/wp-content\/uploads\/2023\/04\/Dependents_FR_1-1-400x0-c-center.png\" \n        class=\"lazyload \"\n        loading=\"lazy\"\n\n      \n      alt=\"a computer screen with a web page on it\" \n      width=\"800\"\n      height=\"800\"\n    >\n  <\/picture>\n              <\/div>\n            <\/div>\n          <\/div>\n                  <div class=\"step-cards__card-wrapper\">\n            <div class=\"card step-cards__card\">\n              <h2 class=\"step-cards__title\">\u00c9tape 2<\/h2>\n              <div class=\"step-cards__copy\">\n                <p>Cliquez sur le bouton G\u00e9rer les invit\u00e9s pour acc\u00e9der \u00e0 une nouvelle page o\u00f9 vous pourrez g\u00e9rer les invit\u00e9s de votre forfait Calm Business \u00e0 l&rsquo;aide du bouton Envoyer des invitations.<\/p>\n\n              <\/div>\n              <div class=\"step-cards__image\">\n                \n\n\n\n  <picture>\n    \n    \n                  <source media=\"(min-width: 1024px)\" data-srcset=\"https:\/\/health.calm.com\/wp-content\/uploads\/2023\/04\/Dependents_FR_2-1-847x0-c-center.webp 1x, https:\/\/health.calm.com\/wp-content\/uploads\/2023\/04\/Dependents_FR_2-1-1694x0-c-center.webp 2x\" type=\"image\/webp\">\n            <source media=\"(min-width: 1024px)\" data-srcset=\"https:\/\/health.calm.com\/wp-content\/uploads\/2023\/04\/Dependents_FR_2-1-847x0-c-center.png 1x, https:\/\/health.calm.com\/wp-content\/uploads\/2023\/04\/Dependents_FR_2-1-1694x0-c-center.png 2x\" type=\"image\/png\">\n    \n                  <source media=\"(min-width: 768px)\" data-srcset=\"https:\/\/health.calm.com\/wp-content\/uploads\/2023\/04\/Dependents_FR_2-1-655x0-c-center.webp 1x, https:\/\/health.calm.com\/wp-content\/uploads\/2023\/04\/Dependents_FR_2-1-1310x0-c-center.webp 2x\" type=\"image\/webp\">\n            <source media=\"(min-width: 768px)\" data-srcset=\"https:\/\/health.calm.com\/wp-content\/uploads\/2023\/04\/Dependents_FR_2-1-655x0-c-center.png 1x, https:\/\/health.calm.com\/wp-content\/uploads\/2023\/04\/Dependents_FR_2-1-1310x0-c-center.png 2x\" type=\"image\/png\">\n    \n        \n                  <source media=\"(min-width: 0px)\" data-srcset=\"https:\/\/health.calm.com\/wp-content\/uploads\/2023\/04\/Dependents_FR_2-1-400x0-c-center.webp 1x, https:\/\/health.calm.com\/wp-content\/uploads\/2023\/04\/Dependents_FR_2-1-800x0-c-center.webp 2x\" type=\"image\/webp\">\n            <source media=\"(min-width: 0px)\" data-srcset=\"https:\/\/health.calm.com\/wp-content\/uploads\/2023\/04\/Dependents_FR_2-1-400x0-c-center.png 1x, https:\/\/health.calm.com\/wp-content\/uploads\/2023\/04\/Dependents_FR_2-1-800x0-c-center.png 2x\" type=\"image\/png\">\n            \n    <img decoding=\"async\"\n                        src=\"data:image\/svg+xml,%3Csvg xmlns='http:\/\/www.w3.org\/2000\/svg' viewBox='0 0 800 0'%3E%3C\/svg%3E\"\n                \n        data-srcset=\"https:\/\/health.calm.com\/wp-content\/uploads\/2023\/04\/Dependents_FR_2-1-400x0-c-center.png 1x, https:\/\/health.calm.com\/wp-content\/uploads\/2023\/04\/Dependents_FR_2-1-800x0-c-center.png 2x\" \n        data-src=\"https:\/\/health.calm.com\/wp-content\/uploads\/2023\/04\/Dependents_FR_2-1-400x0-c-center.png\" \n        class=\"lazyload \"\n        loading=\"lazy\"\n\n      \n      alt=\"a screenshot of a computer screen with a blue background\" \n      width=\"800\"\n      height=\"800\"\n    >\n  <\/picture>\n              <\/div>\n            <\/div>\n          <\/div>\n                  <div class=\"step-cards__card-wrapper\">\n            <div class=\"card step-cards__card\">\n              <h2 class=\"step-cards__title\">\u00c9tape 3<\/h2>\n              <div class=\"step-cards__copy\">\n                <p>Copiez et collez le lien d&rsquo;invitation pour le partager directement avec les invit\u00e9s de votre choix. Vous pouvez \u00e9galement utiliser le bouton Envoyer le lien par e-mail pour envoyer le lien \u00e0 vos invit\u00e9s depuis votre compte Calm. Assurez-vous que vos invit\u00e9s disposent de la version de l&rsquo;application Calm la plus r\u00e9cente sur leur appareil mobile.<\/p>\n\n              <\/div>\n              <div class=\"step-cards__image\">\n                \n\n\n\n  <picture>\n    \n    \n                  <source media=\"(min-width: 1024px)\" data-srcset=\"https:\/\/health.calm.com\/wp-content\/uploads\/2023\/04\/Dependents_FR_3-1-847x0-c-center.webp 1x, https:\/\/health.calm.com\/wp-content\/uploads\/2023\/04\/Dependents_FR_3-1-1694x0-c-center.webp 2x\" type=\"image\/webp\">\n            <source media=\"(min-width: 1024px)\" data-srcset=\"https:\/\/health.calm.com\/wp-content\/uploads\/2023\/04\/Dependents_FR_3-1-847x0-c-center.png 1x, https:\/\/health.calm.com\/wp-content\/uploads\/2023\/04\/Dependents_FR_3-1-1694x0-c-center.png 2x\" type=\"image\/png\">\n    \n                  <source media=\"(min-width: 768px)\" data-srcset=\"https:\/\/health.calm.com\/wp-content\/uploads\/2023\/04\/Dependents_FR_3-1-655x0-c-center.webp 1x, https:\/\/health.calm.com\/wp-content\/uploads\/2023\/04\/Dependents_FR_3-1-1310x0-c-center.webp 2x\" type=\"image\/webp\">\n            <source media=\"(min-width: 768px)\" data-srcset=\"https:\/\/health.calm.com\/wp-content\/uploads\/2023\/04\/Dependents_FR_3-1-655x0-c-center.png 1x, https:\/\/health.calm.com\/wp-content\/uploads\/2023\/04\/Dependents_FR_3-1-1310x0-c-center.png 2x\" type=\"image\/png\">\n    \n        \n                  <source media=\"(min-width: 0px)\" data-srcset=\"https:\/\/health.calm.com\/wp-content\/uploads\/2023\/04\/Dependents_FR_3-1-400x0-c-center.webp 1x, https:\/\/health.calm.com\/wp-content\/uploads\/2023\/04\/Dependents_FR_3-1-800x0-c-center.webp 2x\" type=\"image\/webp\">\n            <source media=\"(min-width: 0px)\" data-srcset=\"https:\/\/health.calm.com\/wp-content\/uploads\/2023\/04\/Dependents_FR_3-1-400x0-c-center.png 1x, https:\/\/health.calm.com\/wp-content\/uploads\/2023\/04\/Dependents_FR_3-1-800x0-c-center.png 2x\" type=\"image\/png\">\n            \n    <img decoding=\"async\"\n                        src=\"data:image\/svg+xml,%3Csvg xmlns='http:\/\/www.w3.org\/2000\/svg' viewBox='0 0 800 0'%3E%3C\/svg%3E\"\n                \n        data-srcset=\"https:\/\/health.calm.com\/wp-content\/uploads\/2023\/04\/Dependents_FR_3-1-400x0-c-center.png 1x, https:\/\/health.calm.com\/wp-content\/uploads\/2023\/04\/Dependents_FR_3-1-800x0-c-center.png 2x\" \n        data-src=\"https:\/\/health.calm.com\/wp-content\/uploads\/2023\/04\/Dependents_FR_3-1-400x0-c-center.png\" \n        class=\"lazyload \"\n        loading=\"lazy\"\n\n      \n      alt=\"a web page with a blue background and mountains in the background\" \n      width=\"800\"\n      height=\"800\"\n    >\n  <\/picture>\n              <\/div>\n            <\/div>\n          <\/div>\n              <\/div>\n    <\/div>\n   <\/div>\n<\/section>","protected":false},"excerpt":{"rendered":"","protected":false},"author":21,"featured_media":0,"parent":0,"menu_order":0,"comment_status":"closed","ping_status":"closed","template":"","meta":{"_acf_changed":false,"inline_featured_image":false,"footnotes":""},"class_list":["post-11929","page","type-page","status-publish","hentry"],"acf":[],"yoast_head":"<!-- This site is optimized with the Yoast SEO Premium plugin v27.3 (Yoast SEO v27.3) - https:\/\/yoast.com\/product\/yoast-seo-premium-wordpress\/ -->\n<title>Comment inviter des utilisateurs \u00e0 profiter des avantages de votre forfait Calm Business | Calm Health<\/title>\n<meta name=\"robots\" content=\"noindex, nofollow\" \/>\n<meta property=\"og:locale\" content=\"fr_FR\" \/>\n<meta property=\"og:type\" content=\"article\" \/>\n<meta property=\"og:title\" content=\"Comment inviter des utilisateurs \u00e0 profiter des avantages de votre forfait Calm Business\" \/>\n<meta property=\"og:url\" content=\"https:\/\/health.calm.com\/fr\/how-to-invite-dependents-to-utilize-your-calm-business-benefit\/\" \/>\n<meta property=\"og:site_name\" content=\"Calm Health\" \/>\n<meta property=\"article:publisher\" content=\"https:\/\/www.facebook.com\/calm\" \/>\n<meta property=\"article:modified_time\" content=\"2025-03-21T22:43:42+00:00\" \/>\n<meta name=\"twitter:card\" content=\"summary_large_image\" \/>\n<meta name=\"twitter:site\" content=\"@calm\" \/>\n<meta name=\"twitter:label1\" content=\"Dur\u00e9e de lecture estim\u00e9e\" \/>\n\t<meta name=\"twitter:data1\" content=\"2 minutes\" \/>\n<script type=\"application\/ld+json\" class=\"yoast-schema-graph\">{\"@context\":\"https:\\\/\\\/schema.org\",\"@graph\":[{\"@type\":\"WebPage\",\"@id\":\"https:\\\/\\\/health.calm.com\\\/fr\\\/how-to-invite-dependents-to-utilize-your-calm-business-benefit\\\/\",\"url\":\"https:\\\/\\\/health.calm.com\\\/fr\\\/how-to-invite-dependents-to-utilize-your-calm-business-benefit\\\/\",\"name\":\"Comment inviter des utilisateurs \u00e0 profiter des avantages de votre forfait Calm Business | Calm Health\",\"isPartOf\":{\"@id\":\"https:\\\/\\\/health.calm.com\\\/fr\\\/#website\"},\"datePublished\":\"2023-01-04T19:57:58+00:00\",\"dateModified\":\"2025-03-21T22:43:42+00:00\",\"breadcrumb\":{\"@id\":\"https:\\\/\\\/health.calm.com\\\/fr\\\/how-to-invite-dependents-to-utilize-your-calm-business-benefit\\\/#breadcrumb\"},\"inLanguage\":\"fr-FR\",\"potentialAction\":[{\"@type\":\"ReadAction\",\"target\":[\"https:\\\/\\\/health.calm.com\\\/fr\\\/how-to-invite-dependents-to-utilize-your-calm-business-benefit\\\/\"]}]},{\"@type\":\"BreadcrumbList\",\"@id\":\"https:\\\/\\\/health.calm.com\\\/fr\\\/how-to-invite-dependents-to-utilize-your-calm-business-benefit\\\/#breadcrumb\",\"itemListElement\":[{\"@type\":\"ListItem\",\"position\":1,\"name\":\"Home\",\"item\":\"https:\\\/\\\/health.calm.com\\\/fr\\\/\"},{\"@type\":\"ListItem\",\"position\":2,\"name\":\"Comment inviter des utilisateurs \u00e0 profiter des avantages de votre forfait Calm Business\"}]},{\"@type\":\"WebSite\",\"@id\":\"https:\\\/\\\/health.calm.com\\\/fr\\\/#website\",\"url\":\"https:\\\/\\\/health.calm.com\\\/fr\\\/\",\"name\":\"Calm Health\",\"description\":\"A Clear Path to Mental Health Support\",\"publisher\":{\"@id\":\"https:\\\/\\\/health.calm.com\\\/fr\\\/#organization\"},\"alternateName\":\"Calm\",\"potentialAction\":[{\"@type\":\"SearchAction\",\"target\":{\"@type\":\"EntryPoint\",\"urlTemplate\":\"https:\\\/\\\/health.calm.com\\\/fr\\\/?s={search_term_string}\"},\"query-input\":{\"@type\":\"PropertyValueSpecification\",\"valueRequired\":true,\"valueName\":\"search_term_string\"}}],\"inLanguage\":\"fr-FR\"},{\"@type\":\"Organization\",\"@id\":\"https:\\\/\\\/health.calm.com\\\/fr\\\/#organization\",\"name\":\"Calm Health\",\"alternateName\":\"Calm\",\"url\":\"https:\\\/\\\/health.calm.com\\\/fr\\\/\",\"logo\":{\"@type\":\"ImageObject\",\"inLanguage\":\"fr-FR\",\"@id\":\"https:\\\/\\\/health.calm.com\\\/fr\\\/#\\\/schema\\\/logo\\\/image\\\/\",\"url\":\"https:\\\/\\\/health.calm.com\\\/wp-content\\\/uploads\\\/2024\\\/08\\\/calm-health-logo.png\",\"contentUrl\":\"https:\\\/\\\/health.calm.com\\\/wp-content\\\/uploads\\\/2024\\\/08\\\/calm-health-logo.png\",\"width\":557,\"height\":271,\"caption\":\"Calm Health\"},\"image\":{\"@id\":\"https:\\\/\\\/health.calm.com\\\/fr\\\/#\\\/schema\\\/logo\\\/image\\\/\"},\"sameAs\":[\"https:\\\/\\\/www.facebook.com\\\/calm\",\"https:\\\/\\\/x.com\\\/calm\",\"https:\\\/\\\/www.linkedin.com\\\/company\\\/calm-com\\\/\",\"https:\\\/\\\/www.instagram.com\\\/calm\"]}]}<\/script>\n<!-- \/ Yoast SEO Premium plugin. -->","yoast_head_json":{"title":"Comment inviter des utilisateurs \u00e0 profiter des avantages de votre forfait Calm Business | Calm Health","robots":{"index":"noindex","follow":"nofollow"},"og_locale":"fr_FR","og_type":"article","og_title":"Comment inviter des utilisateurs \u00e0 profiter des avantages de votre forfait Calm Business","og_url":"https:\/\/health.calm.com\/fr\/how-to-invite-dependents-to-utilize-your-calm-business-benefit\/","og_site_name":"Calm Health","article_publisher":"https:\/\/www.facebook.com\/calm","article_modified_time":"2025-03-21T22:43:42+00:00","twitter_card":"summary_large_image","twitter_site":"@calm","twitter_misc":{"Dur\u00e9e de lecture estim\u00e9e":"2 minutes"},"schema":{"@context":"https:\/\/schema.org","@graph":[{"@type":"WebPage","@id":"https:\/\/health.calm.com\/fr\/how-to-invite-dependents-to-utilize-your-calm-business-benefit\/","url":"https:\/\/health.calm.com\/fr\/how-to-invite-dependents-to-utilize-your-calm-business-benefit\/","name":"Comment inviter des utilisateurs \u00e0 profiter des avantages de votre forfait Calm Business | Calm Health","isPartOf":{"@id":"https:\/\/health.calm.com\/fr\/#website"},"datePublished":"2023-01-04T19:57:58+00:00","dateModified":"2025-03-21T22:43:42+00:00","breadcrumb":{"@id":"https:\/\/health.calm.com\/fr\/how-to-invite-dependents-to-utilize-your-calm-business-benefit\/#breadcrumb"},"inLanguage":"fr-FR","potentialAction":[{"@type":"ReadAction","target":["https:\/\/health.calm.com\/fr\/how-to-invite-dependents-to-utilize-your-calm-business-benefit\/"]}]},{"@type":"BreadcrumbList","@id":"https:\/\/health.calm.com\/fr\/how-to-invite-dependents-to-utilize-your-calm-business-benefit\/#breadcrumb","itemListElement":[{"@type":"ListItem","position":1,"name":"Home","item":"https:\/\/health.calm.com\/fr\/"},{"@type":"ListItem","position":2,"name":"Comment inviter des utilisateurs \u00e0 profiter des avantages de votre forfait Calm Business"}]},{"@type":"WebSite","@id":"https:\/\/health.calm.com\/fr\/#website","url":"https:\/\/health.calm.com\/fr\/","name":"Calm Health","description":"A Clear Path to Mental Health Support","publisher":{"@id":"https:\/\/health.calm.com\/fr\/#organization"},"alternateName":"Calm","potentialAction":[{"@type":"SearchAction","target":{"@type":"EntryPoint","urlTemplate":"https:\/\/health.calm.com\/fr\/?s={search_term_string}"},"query-input":{"@type":"PropertyValueSpecification","valueRequired":true,"valueName":"search_term_string"}}],"inLanguage":"fr-FR"},{"@type":"Organization","@id":"https:\/\/health.calm.com\/fr\/#organization","name":"Calm Health","alternateName":"Calm","url":"https:\/\/health.calm.com\/fr\/","logo":{"@type":"ImageObject","inLanguage":"fr-FR","@id":"https:\/\/health.calm.com\/fr\/#\/schema\/logo\/image\/","url":"https:\/\/health.calm.com\/wp-content\/uploads\/2024\/08\/calm-health-logo.png","contentUrl":"https:\/\/health.calm.com\/wp-content\/uploads\/2024\/08\/calm-health-logo.png","width":557,"height":271,"caption":"Calm Health"},"image":{"@id":"https:\/\/health.calm.com\/fr\/#\/schema\/logo\/image\/"},"sameAs":["https:\/\/www.facebook.com\/calm","https:\/\/x.com\/calm","https:\/\/www.linkedin.com\/company\/calm-com\/","https:\/\/www.instagram.com\/calm"]}]}},"_links":{"self":[{"href":"https:\/\/health.calm.com\/fr\/wp-json\/wp\/v2\/pages\/11929","targetHints":{"allow":["GET"]}}],"collection":[{"href":"https:\/\/health.calm.com\/fr\/wp-json\/wp\/v2\/pages"}],"about":[{"href":"https:\/\/health.calm.com\/fr\/wp-json\/wp\/v2\/types\/page"}],"author":[{"embeddable":true,"href":"https:\/\/health.calm.com\/fr\/wp-json\/wp\/v2\/users\/21"}],"replies":[{"embeddable":true,"href":"https:\/\/health.calm.com\/fr\/wp-json\/wp\/v2\/comments?post=11929"}],"version-history":[{"count":9,"href":"https:\/\/health.calm.com\/fr\/wp-json\/wp\/v2\/pages\/11929\/revisions"}],"predecessor-version":[{"id":22395,"href":"https:\/\/health.calm.com\/fr\/wp-json\/wp\/v2\/pages\/11929\/revisions\/22395"}],"wp:attachment":[{"href":"https:\/\/health.calm.com\/fr\/wp-json\/wp\/v2\/media?parent=11929"}],"curies":[{"name":"wp","href":"https:\/\/api.w.org\/{rel}","templated":true}]}}