{"id":23196,"date":"2024-03-05T16:13:15","date_gmt":"2024-03-06T00:13:15","guid":{"rendered":"https:\/\/health.calm.com\/?page_id=23196"},"modified":"2025-06-18T11:26:05","modified_gmt":"2025-06-18T18:26:05","slug":"optout","status":"publish","type":"page","link":"https:\/\/health.calm.com\/es\/optout\/","title":{"rendered":"Optout"},"content":{"rendered":"\n\n<section class=\"copy-block copy-block--blue-bg-center  block block--block_b4fa46e85e0d88e0e56006dd8b77daef\">\n    <style>\n          @media (min-width: 0px) {\n        .block--block_b4fa46e85e0d88e0e56006dd8b77daef {\n          margin-top: 0!important;          margin-bottom: 2rem!important;        }\n      }\n      <\/style>\n  <div class=\"container\">\n    <div class=\"row row--jcc text-center \">\n      <div class=\"col-xs-12 col-lg-10 col-xl-9\">\n        <div class=\"copy-block__copy copy \">\n          <h2><span style=\"font-weight: 400;\">Optar por no participar<\/span><\/h2>\n<h3><span style=\"font-weight: 400;\">\u00daltima actualizaci\u00f3n: 2 de febrero de 2024<\/span><\/h3>\n\n        <\/div>\n      <\/div>\n    <\/div>\n  <\/div>\n<\/section>\n\n\n\n<section class=\"optout block block--block_f6b29ae813745820077c13eea4806727\">\n    <style>\n          @media (min-width: 0px) {\n        .block--block_f6b29ae813745820077c13eea4806727 {\n          margin-top: 0!important;                  }\n      }\n      <\/style>\n  <div class=\"container\">\n    <div class=\"row row--jcc\">\n      <div class=\"col-xs-12 col-lg-10 col-xl-9\">\n        <div class=\"optout__content copy\">\n          <div class=\"optout__content__copy1\">\n            <p><span style=\"font-weight: 400;\">Utilizamos cookies y tecnolog\u00edas de seguimiento similares, y permitimos que nuestros socios publicitarios utilicen dichas tecnolog\u00edas para que podamos, entre otras cosas, mostrarle anuncios que promocionen Calm en otros sitios y servicios. Tambi\u00e9n podemos compartir su direcci\u00f3n de correo electr\u00f3nico en un formato an\u00f3nimo con el fin de enviarle anuncios en otros sitios web o para fines similares. Estas actividades pueden considerarse \u00abventas\u00bb, \u00abcompartir\u00bb o \u00abpublicidad dirigida\u00bb seg\u00fan ciertas leyes de privacidad, y usted puede tener el derecho de optar por no participar. A continuaci\u00f3n, proporcionamos instrucciones sobre c\u00f3mo optar por no participar.<\/span><\/p>\n<h4><span class=\"text-blue\" style=\"font-weight: 400;\">Cookies<\/span><\/h4>\n<p><span style=\"font-weight: 400;\">Para optar por no participar en estas actividades en el sitio web de Calm Health, haga clic en el bot\u00f3n \u00abOptar por no recibir cookies de segmentaci\u00f3n\u00bb. Tenga en cuenta que deber\u00e1 renovar esta opci\u00f3n de exclusi\u00f3n voluntaria si visita nuestro sitio web desde otro dispositivo o navegador o si borra sus cookies.<\/span><\/p>\n\n          <\/div>\n          <div class=\"optout__content__btn\">\n            <a href='javascript:void(0)' onclick='revisitCkyConsent()' class=\"btn btn--primary\">Optar por no recibir cookies de segmentaci\u00f3n<\/a>\n          <\/div>\n          <div class=\"optout__content__copy2\">\n            <h4><\/h4>\n<h4><span class=\"text-blue\" style=\"font-weight: 400;\">Informaci\u00f3n de la cuenta<\/span><\/h4>\n<p><span style=\"font-weight: 400;\">Podemos divulgar cierta informaci\u00f3n personal vinculada a su cuenta de Calm Health (o que usted nos haya proporcionado), como su direcci\u00f3n de correo electr\u00f3nico (de una manera que no lo identifique directamente) para promocionar Calm Health en otros sitios y servicios. Para optar por no participar, proporcione su direcci\u00f3n de correo electr\u00f3nico en el siguiente formulario.<\/span><\/p>\n\n          <\/div>\n          <div class=\"optout__content__form\">\n              <style>.resource .mktoForm button[type=\"submit\"]:after { content: \"Submit\"; }<\/style>\n  <div class=\"form\">\n    <div class=\"text-center\">\n      <span class=\"loader form-loader\"><\/span>\n    <\/div>\n\n          <div id=\"form-message\" style=\"display:none;\"><p class=\"text-sm\"><em>Thank you for your opt-out inquiry. Calm will comply with your request within 15 business days. Please see our <a href=\"https:\/\/www.calm.com\/privacy-policy\" target=\"_blank\">Privacy Policy<\/a> to learn more about Calm\u2019s privacy practices.<\/em><\/p><\/div>\n    \n    <form id=\"mktoForm_1703\"><\/form> \n    <script>\n      document.addEventListener('marketobinded', () => {\n        MktoForms2.loadForm(\"\/\/info.calm.com\", \"541-LYF-023\", 1703, function(form) {\n          form.onSuccess(function(values, followUpUrl) {\n                          document.getElementById('form-message').style.display = 'block'\n              form.getFormElem().hide()\n                        return false;\n          });\n        });\n      });\n    <\/script>\n  <\/div>\n\n          <\/div>\n        <\/div>\n      <\/div>\n    <\/div>\n  <\/div>\n<\/section>","protected":false},"excerpt":{"rendered":"","protected":false},"author":1,"featured_media":0,"parent":0,"menu_order":0,"comment_status":"closed","ping_status":"closed","template":"","meta":{"_acf_changed":false,"inline_featured_image":false,"footnotes":""},"class_list":["post-23196","page","type-page","status-publish","hentry"],"acf":[],"yoast_head":"<!-- This site is optimized with the Yoast SEO Premium plugin v27.3 (Yoast SEO v27.3) - https:\/\/yoast.com\/product\/yoast-seo-premium-wordpress\/ -->\n<title>Optout | Calm Health<\/title>\n<meta name=\"robots\" content=\"noindex, nofollow\" \/>\n<meta property=\"og:locale\" content=\"es_MX\" \/>\n<meta property=\"og:type\" content=\"article\" \/>\n<meta property=\"og:title\" content=\"Optout\" \/>\n<meta property=\"og:url\" content=\"https:\/\/health.calm.com\/es\/optout\/\" \/>\n<meta property=\"og:site_name\" content=\"Calm Health\" \/>\n<meta property=\"article:publisher\" content=\"https:\/\/www.facebook.com\/calm\" \/>\n<meta property=\"article:modified_time\" content=\"2025-06-18T18:26:05+00:00\" \/>\n<meta name=\"twitter:card\" content=\"summary_large_image\" \/>\n<meta name=\"twitter:site\" content=\"@calm\" \/>\n<meta name=\"twitter:label1\" content=\"Tiempo de lectura\" \/>\n\t<meta name=\"twitter:data1\" content=\"2 minutos\" \/>\n<script type=\"application\/ld+json\" class=\"yoast-schema-graph\">{\"@context\":\"https:\\\/\\\/schema.org\",\"@graph\":[{\"@type\":\"WebPage\",\"@id\":\"https:\\\/\\\/health.calm.com\\\/es\\\/optout\\\/\",\"url\":\"https:\\\/\\\/health.calm.com\\\/es\\\/optout\\\/\",\"name\":\"Optout | Calm Health\",\"isPartOf\":{\"@id\":\"https:\\\/\\\/health.calm.com\\\/es\\\/#website\"},\"datePublished\":\"2024-03-06T00:13:15+00:00\",\"dateModified\":\"2025-06-18T18:26:05+00:00\",\"breadcrumb\":{\"@id\":\"https:\\\/\\\/health.calm.com\\\/es\\\/optout\\\/#breadcrumb\"},\"inLanguage\":\"es\",\"potentialAction\":[{\"@type\":\"ReadAction\",\"target\":[\"https:\\\/\\\/health.calm.com\\\/es\\\/optout\\\/\"]}]},{\"@type\":\"BreadcrumbList\",\"@id\":\"https:\\\/\\\/health.calm.com\\\/es\\\/optout\\\/#breadcrumb\",\"itemListElement\":[{\"@type\":\"ListItem\",\"position\":1,\"name\":\"Home\",\"item\":\"https:\\\/\\\/health.calm.com\\\/es\\\/\"},{\"@type\":\"ListItem\",\"position\":2,\"name\":\"Optout\"}]},{\"@type\":\"WebSite\",\"@id\":\"https:\\\/\\\/health.calm.com\\\/es\\\/#website\",\"url\":\"https:\\\/\\\/health.calm.com\\\/es\\\/\",\"name\":\"Calm Health\",\"description\":\"A Clear Path to Mental Health Support\",\"publisher\":{\"@id\":\"https:\\\/\\\/health.calm.com\\\/es\\\/#organization\"},\"alternateName\":\"Calm\",\"potentialAction\":[{\"@type\":\"SearchAction\",\"target\":{\"@type\":\"EntryPoint\",\"urlTemplate\":\"https:\\\/\\\/health.calm.com\\\/es\\\/?s={search_term_string}\"},\"query-input\":{\"@type\":\"PropertyValueSpecification\",\"valueRequired\":true,\"valueName\":\"search_term_string\"}}],\"inLanguage\":\"es\"},{\"@type\":\"Organization\",\"@id\":\"https:\\\/\\\/health.calm.com\\\/es\\\/#organization\",\"name\":\"Calm Health\",\"alternateName\":\"Calm\",\"url\":\"https:\\\/\\\/health.calm.com\\\/es\\\/\",\"logo\":{\"@type\":\"ImageObject\",\"inLanguage\":\"es\",\"@id\":\"https:\\\/\\\/health.calm.com\\\/es\\\/#\\\/schema\\\/logo\\\/image\\\/\",\"url\":\"https:\\\/\\\/health.calm.com\\\/wp-content\\\/uploads\\\/2024\\\/08\\\/calm-health-logo.png\",\"contentUrl\":\"https:\\\/\\\/health.calm.com\\\/wp-content\\\/uploads\\\/2024\\\/08\\\/calm-health-logo.png\",\"width\":557,\"height\":271,\"caption\":\"Calm Health\"},\"image\":{\"@id\":\"https:\\\/\\\/health.calm.com\\\/es\\\/#\\\/schema\\\/logo\\\/image\\\/\"},\"sameAs\":[\"https:\\\/\\\/www.facebook.com\\\/calm\",\"https:\\\/\\\/x.com\\\/calm\",\"https:\\\/\\\/www.linkedin.com\\\/company\\\/calm-com\\\/\",\"https:\\\/\\\/www.instagram.com\\\/calm\"]}]}<\/script>\n<!-- \/ Yoast SEO Premium plugin. -->","yoast_head_json":{"title":"Optout | Calm Health","robots":{"index":"noindex","follow":"nofollow"},"og_locale":"es_MX","og_type":"article","og_title":"Optout","og_url":"https:\/\/health.calm.com\/es\/optout\/","og_site_name":"Calm Health","article_publisher":"https:\/\/www.facebook.com\/calm","article_modified_time":"2025-06-18T18:26:05+00:00","twitter_card":"summary_large_image","twitter_site":"@calm","twitter_misc":{"Tiempo de lectura":"2 minutos"},"schema":{"@context":"https:\/\/schema.org","@graph":[{"@type":"WebPage","@id":"https:\/\/health.calm.com\/es\/optout\/","url":"https:\/\/health.calm.com\/es\/optout\/","name":"Optout | Calm Health","isPartOf":{"@id":"https:\/\/health.calm.com\/es\/#website"},"datePublished":"2024-03-06T00:13:15+00:00","dateModified":"2025-06-18T18:26:05+00:00","breadcrumb":{"@id":"https:\/\/health.calm.com\/es\/optout\/#breadcrumb"},"inLanguage":"es","potentialAction":[{"@type":"ReadAction","target":["https:\/\/health.calm.com\/es\/optout\/"]}]},{"@type":"BreadcrumbList","@id":"https:\/\/health.calm.com\/es\/optout\/#breadcrumb","itemListElement":[{"@type":"ListItem","position":1,"name":"Home","item":"https:\/\/health.calm.com\/es\/"},{"@type":"ListItem","position":2,"name":"Optout"}]},{"@type":"WebSite","@id":"https:\/\/health.calm.com\/es\/#website","url":"https:\/\/health.calm.com\/es\/","name":"Calm Health","description":"A Clear Path to Mental Health Support","publisher":{"@id":"https:\/\/health.calm.com\/es\/#organization"},"alternateName":"Calm","potentialAction":[{"@type":"SearchAction","target":{"@type":"EntryPoint","urlTemplate":"https:\/\/health.calm.com\/es\/?s={search_term_string}"},"query-input":{"@type":"PropertyValueSpecification","valueRequired":true,"valueName":"search_term_string"}}],"inLanguage":"es"},{"@type":"Organization","@id":"https:\/\/health.calm.com\/es\/#organization","name":"Calm Health","alternateName":"Calm","url":"https:\/\/health.calm.com\/es\/","logo":{"@type":"ImageObject","inLanguage":"es","@id":"https:\/\/health.calm.com\/es\/#\/schema\/logo\/image\/","url":"https:\/\/health.calm.com\/wp-content\/uploads\/2024\/08\/calm-health-logo.png","contentUrl":"https:\/\/health.calm.com\/wp-content\/uploads\/2024\/08\/calm-health-logo.png","width":557,"height":271,"caption":"Calm Health"},"image":{"@id":"https:\/\/health.calm.com\/es\/#\/schema\/logo\/image\/"},"sameAs":["https:\/\/www.facebook.com\/calm","https:\/\/x.com\/calm","https:\/\/www.linkedin.com\/company\/calm-com\/","https:\/\/www.instagram.com\/calm"]}]}},"_links":{"self":[{"href":"https:\/\/health.calm.com\/es\/wp-json\/wp\/v2\/pages\/23196","targetHints":{"allow":["GET"]}}],"collection":[{"href":"https:\/\/health.calm.com\/es\/wp-json\/wp\/v2\/pages"}],"about":[{"href":"https:\/\/health.calm.com\/es\/wp-json\/wp\/v2\/types\/page"}],"author":[{"embeddable":true,"href":"https:\/\/health.calm.com\/es\/wp-json\/wp\/v2\/users\/1"}],"replies":[{"embeddable":true,"href":"https:\/\/health.calm.com\/es\/wp-json\/wp\/v2\/comments?post=23196"}],"version-history":[{"count":5,"href":"https:\/\/health.calm.com\/es\/wp-json\/wp\/v2\/pages\/23196\/revisions"}],"predecessor-version":[{"id":23336,"href":"https:\/\/health.calm.com\/es\/wp-json\/wp\/v2\/pages\/23196\/revisions\/23336"}],"wp:attachment":[{"href":"https:\/\/health.calm.com\/es\/wp-json\/wp\/v2\/media?parent=23196"}],"curies":[{"name":"wp","href":"https:\/\/api.w.org\/{rel}","templated":true}]}}