{"id":12647,"date":"2023-01-04T11:57:58","date_gmt":"2023-01-04T19:57:58","guid":{"rendered":"https:\/\/health.calm.com\/?page_id=12647"},"modified":"2025-03-21T15:43:59","modified_gmt":"2025-03-21T22:43:59","slug":"como-invitar-a-dependientes-a-usar-tu-beneficio-de-calm-for-business","status":"publish","type":"page","link":"https:\/\/health.calm.com\/es\/como-invitar-a-dependientes-a-usar-tu-beneficio-de-calm-for-business\/","title":{"rendered":"C\u00f3mo invitar a dependientes a usar tu beneficio de Calm for Business"},"content":{"rendered":"\n\n<section class=\"copy-block copy-block--center  block block--block_dc284d2ec12f3d71ac74c6f507a7815d\">\n    <style>\n          @media (min-width: 0px) {\n        .block--block_dc284d2ec12f3d71ac74c6f507a7815d {\n          margin-top: 6rem!important;          margin-bottom: 2rem!important;        }\n      }\n          @media (min-width: 1025px) {\n        .block--block_dc284d2ec12f3d71ac74c6f507a7815d {\n          margin-top: 9rem!important;                  }\n      }\n      <\/style>\n  <div class=\"container\">\n    <div class=\"row row--jcc text-center \">\n      <div class=\"col-xs-12 col-lg-10 col-xl-9\">\n        <div class=\"copy-block__copy copy \">\n          <h1><span class=\"text-navy\">C\u00f3mo invitar a dependientes a usar tu beneficio de Calm for Business<\/span><\/h1>\n<p class=\"lead\">Sigue los pasos que figuran debajo para invitar a tus dependientes a usar el beneficio de Calm for Business. Los dependientes deben tener 16\u200b \u200ba\u00f1os o m\u00e1s. Si tienes m\u00e1s preguntas, consulta nuestro <a href=\"https:\/\/support.calm.com\/hc\/es-419\/sections\/7515024959003-Para-dependientes\">Centro de ayuda<\/a> o comun\u00edcate con el <a href=\"https:\/\/support.calm.com\/hc\/es-419\/requests\/new\">equipo de soporte al cliente<\/a>.<\/p>\n\n        <\/div>\n      <\/div>\n    <\/div>\n  <\/div>\n<\/section>\n\n\n\n<section class=\"step-cards block block--block_a9f5ae5e95016fd62e5170516d4356a6\">\n    <style>\n          @media (min-width: 0px) {\n        .block--block_a9f5ae5e95016fd62e5170516d4356a6 {\n          margin-top: 2rem!important;                  }\n      }\n      <\/style>\n  <div class=\"container\">\n    <div class=\"row row--jcc\">\n      <div class=\"col-xs-12 col-xl-10 step-cards__wrapper\">\n                  <div class=\"step-cards__card-wrapper\">\n            <div class=\"card step-cards__card\">\n              <h2 class=\"step-cards__title\"> Paso 1<\/h2>\n              <div class=\"step-cards__copy\">\n                <p>Tras activar la suscripci\u00f3n que te proporcion\u00f3 tu empleador, tendr\u00e1s acceso al bot\u00f3n \u201cAdministrar dependientes\u201d en la p\u00e1gina \u201c<a href=\"https:\/\/www.calm.com\/profile\/manage-subscription\">Administrar suscripci\u00f3n<\/a>\u201d dentro de tu cuenta de Calm en la plataforma web (<a href=\"http:\/\/www.calm.com\/\">www.calm.com<\/a>). Esta opci\u00f3n no est\u00e1 disponible en la aplicaci\u00f3n m\u00f3vil.<\/p>\n\n              <\/div>\n              <div class=\"step-cards__image\">\n                \n\n\n\n  <picture>\n    \n    \n                  <source media=\"(min-width: 1024px)\" data-srcset=\"https:\/\/health.calm.com\/wp-content\/uploads\/2023\/05\/Dependents_ES_1-847x0-c-center.webp 1x, https:\/\/health.calm.com\/wp-content\/uploads\/2023\/05\/Dependents_ES_1-1694x0-c-center.webp 2x\" type=\"image\/webp\">\n            <source media=\"(min-width: 1024px)\" data-srcset=\"https:\/\/health.calm.com\/wp-content\/uploads\/2023\/05\/Dependents_ES_1-847x0-c-center.png 1x, https:\/\/health.calm.com\/wp-content\/uploads\/2023\/05\/Dependents_ES_1-1694x0-c-center.png 2x\" type=\"image\/png\">\n    \n                  <source media=\"(min-width: 768px)\" data-srcset=\"https:\/\/health.calm.com\/wp-content\/uploads\/2023\/05\/Dependents_ES_1-655x0-c-center.webp 1x, https:\/\/health.calm.com\/wp-content\/uploads\/2023\/05\/Dependents_ES_1-1310x0-c-center.webp 2x\" type=\"image\/webp\">\n            <source media=\"(min-width: 768px)\" data-srcset=\"https:\/\/health.calm.com\/wp-content\/uploads\/2023\/05\/Dependents_ES_1-655x0-c-center.png 1x, https:\/\/health.calm.com\/wp-content\/uploads\/2023\/05\/Dependents_ES_1-1310x0-c-center.png 2x\" type=\"image\/png\">\n    \n        \n                  <source media=\"(min-width: 0px)\" data-srcset=\"https:\/\/health.calm.com\/wp-content\/uploads\/2023\/05\/Dependents_ES_1-400x0-c-center.webp 1x, https:\/\/health.calm.com\/wp-content\/uploads\/2023\/05\/Dependents_ES_1-800x0-c-center.webp 2x\" type=\"image\/webp\">\n            <source media=\"(min-width: 0px)\" data-srcset=\"https:\/\/health.calm.com\/wp-content\/uploads\/2023\/05\/Dependents_ES_1-400x0-c-center.png 1x, https:\/\/health.calm.com\/wp-content\/uploads\/2023\/05\/Dependents_ES_1-800x0-c-center.png 2x\" type=\"image\/png\">\n            \n    <img decoding=\"async\"\n                        src=\"data:image\/svg+xml,%3Csvg xmlns='http:\/\/www.w3.org\/2000\/svg' viewBox='0 0 800 0'%3E%3C\/svg%3E\"\n                \n        data-srcset=\"https:\/\/health.calm.com\/wp-content\/uploads\/2023\/05\/Dependents_ES_1-400x0-c-center.png 1x, https:\/\/health.calm.com\/wp-content\/uploads\/2023\/05\/Dependents_ES_1-800x0-c-center.png 2x\" \n        data-src=\"https:\/\/health.calm.com\/wp-content\/uploads\/2023\/05\/Dependents_ES_1-400x0-c-center.png\" \n        class=\"lazyload \"\n        loading=\"lazy\"\n\n      \n      alt=\"a computer screen with a web page on it\" \n      width=\"800\"\n      height=\"800\"\n    >\n  <\/picture>\n              <\/div>\n            <\/div>\n          <\/div>\n                  <div class=\"step-cards__card-wrapper\">\n            <div class=\"card step-cards__card\">\n              <h2 class=\"step-cards__title\"> Paso 2<\/h2>\n              <div class=\"step-cards__copy\">\n                <p>Haz clic en el bot\u00f3n \u201cAdministrar dependientes\u201d y se abrir\u00e1 una p\u00e1gina nueva donde podr\u00e1s administrar los dependientes de tu beneficio de Calm for Business mediante el bot\u00f3n \u201cInvitar dependientes\u201d.<\/p>\n\n              <\/div>\n              <div class=\"step-cards__image\">\n                \n\n\n\n  <picture>\n    \n    \n                  <source media=\"(min-width: 1024px)\" data-srcset=\"https:\/\/health.calm.com\/wp-content\/uploads\/2023\/04\/Dependents_ES_2-847x0-c-center.webp 1x, https:\/\/health.calm.com\/wp-content\/uploads\/2023\/04\/Dependents_ES_2-1694x0-c-center.webp 2x\" type=\"image\/webp\">\n            <source media=\"(min-width: 1024px)\" data-srcset=\"https:\/\/health.calm.com\/wp-content\/uploads\/2023\/04\/Dependents_ES_2-847x0-c-center.png 1x, https:\/\/health.calm.com\/wp-content\/uploads\/2023\/04\/Dependents_ES_2-1694x0-c-center.png 2x\" type=\"image\/png\">\n    \n                  <source media=\"(min-width: 768px)\" data-srcset=\"https:\/\/health.calm.com\/wp-content\/uploads\/2023\/04\/Dependents_ES_2-655x0-c-center.webp 1x, https:\/\/health.calm.com\/wp-content\/uploads\/2023\/04\/Dependents_ES_2-1310x0-c-center.webp 2x\" type=\"image\/webp\">\n            <source media=\"(min-width: 768px)\" data-srcset=\"https:\/\/health.calm.com\/wp-content\/uploads\/2023\/04\/Dependents_ES_2-655x0-c-center.png 1x, https:\/\/health.calm.com\/wp-content\/uploads\/2023\/04\/Dependents_ES_2-1310x0-c-center.png 2x\" type=\"image\/png\">\n    \n        \n                  <source media=\"(min-width: 0px)\" data-srcset=\"https:\/\/health.calm.com\/wp-content\/uploads\/2023\/04\/Dependents_ES_2-400x0-c-center.webp 1x, https:\/\/health.calm.com\/wp-content\/uploads\/2023\/04\/Dependents_ES_2-800x0-c-center.webp 2x\" type=\"image\/webp\">\n            <source media=\"(min-width: 0px)\" data-srcset=\"https:\/\/health.calm.com\/wp-content\/uploads\/2023\/04\/Dependents_ES_2-400x0-c-center.png 1x, https:\/\/health.calm.com\/wp-content\/uploads\/2023\/04\/Dependents_ES_2-800x0-c-center.png 2x\" type=\"image\/png\">\n            \n    <img decoding=\"async\"\n                        src=\"data:image\/svg+xml,%3Csvg xmlns='http:\/\/www.w3.org\/2000\/svg' viewBox='0 0 800 0'%3E%3C\/svg%3E\"\n                \n        data-srcset=\"https:\/\/health.calm.com\/wp-content\/uploads\/2023\/04\/Dependents_ES_2-400x0-c-center.png 1x, https:\/\/health.calm.com\/wp-content\/uploads\/2023\/04\/Dependents_ES_2-800x0-c-center.png 2x\" \n        data-src=\"https:\/\/health.calm.com\/wp-content\/uploads\/2023\/04\/Dependents_ES_2-400x0-c-center.png\" \n        class=\"lazyload \"\n        loading=\"lazy\"\n\n      \n      alt=\"a computer screen with the word calm on it\" \n      width=\"800\"\n      height=\"800\"\n    >\n  <\/picture>\n              <\/div>\n            <\/div>\n          <\/div>\n                  <div class=\"step-cards__card-wrapper\">\n            <div class=\"card step-cards__card\">\n              <h2 class=\"step-cards__title\"> Paso 3<\/h2>\n              <div class=\"step-cards__copy\">\n                <p>Copia y pega el enlace de invitaci\u00f3n para compartirlo directamente con los dependientes que quieras. Tambi\u00e9n puedes usar el bot\u00f3n \u201cEnviar enlace por correo electr\u00f3nico\u201d para que tus dependientes reciban un enlace directamente desde tu cuenta de Calm. Aseg\u00farate de que tus dependientes tengan la versi\u00f3n m\u00e1s actualizada de la aplicaci\u00f3n de Calm en sus dispositivos m\u00f3viles.<\/p>\n\n              <\/div>\n              <div class=\"step-cards__image\">\n                \n\n\n\n  <picture>\n    \n    \n                  <source media=\"(min-width: 1024px)\" data-srcset=\"https:\/\/health.calm.com\/wp-content\/uploads\/2023\/04\/Dependents_ES_3-847x0-c-center.webp 1x, https:\/\/health.calm.com\/wp-content\/uploads\/2023\/04\/Dependents_ES_3-1694x0-c-center.webp 2x\" type=\"image\/webp\">\n            <source media=\"(min-width: 1024px)\" data-srcset=\"https:\/\/health.calm.com\/wp-content\/uploads\/2023\/04\/Dependents_ES_3-847x0-c-center.png 1x, https:\/\/health.calm.com\/wp-content\/uploads\/2023\/04\/Dependents_ES_3-1694x0-c-center.png 2x\" type=\"image\/png\">\n    \n                  <source media=\"(min-width: 768px)\" data-srcset=\"https:\/\/health.calm.com\/wp-content\/uploads\/2023\/04\/Dependents_ES_3-655x0-c-center.webp 1x, https:\/\/health.calm.com\/wp-content\/uploads\/2023\/04\/Dependents_ES_3-1310x0-c-center.webp 2x\" type=\"image\/webp\">\n            <source media=\"(min-width: 768px)\" data-srcset=\"https:\/\/health.calm.com\/wp-content\/uploads\/2023\/04\/Dependents_ES_3-655x0-c-center.png 1x, https:\/\/health.calm.com\/wp-content\/uploads\/2023\/04\/Dependents_ES_3-1310x0-c-center.png 2x\" type=\"image\/png\">\n    \n        \n                  <source media=\"(min-width: 0px)\" data-srcset=\"https:\/\/health.calm.com\/wp-content\/uploads\/2023\/04\/Dependents_ES_3-400x0-c-center.webp 1x, https:\/\/health.calm.com\/wp-content\/uploads\/2023\/04\/Dependents_ES_3-800x0-c-center.webp 2x\" type=\"image\/webp\">\n            <source media=\"(min-width: 0px)\" data-srcset=\"https:\/\/health.calm.com\/wp-content\/uploads\/2023\/04\/Dependents_ES_3-400x0-c-center.png 1x, https:\/\/health.calm.com\/wp-content\/uploads\/2023\/04\/Dependents_ES_3-800x0-c-center.png 2x\" type=\"image\/png\">\n            \n    <img decoding=\"async\"\n                        src=\"data:image\/svg+xml,%3Csvg xmlns='http:\/\/www.w3.org\/2000\/svg' viewBox='0 0 800 0'%3E%3C\/svg%3E\"\n                \n        data-srcset=\"https:\/\/health.calm.com\/wp-content\/uploads\/2023\/04\/Dependents_ES_3-400x0-c-center.png 1x, https:\/\/health.calm.com\/wp-content\/uploads\/2023\/04\/Dependents_ES_3-800x0-c-center.png 2x\" \n        data-src=\"https:\/\/health.calm.com\/wp-content\/uploads\/2023\/04\/Dependents_ES_3-400x0-c-center.png\" \n        class=\"lazyload \"\n        loading=\"lazy\"\n\n      \n      alt=\"a computer screen with a blue background\" \n      width=\"800\"\n      height=\"800\"\n    >\n  <\/picture>\n              <\/div>\n            <\/div>\n          <\/div>\n              <\/div>\n    <\/div>\n   <\/div>\n<\/section>","protected":false},"excerpt":{"rendered":"","protected":false},"author":21,"featured_media":0,"parent":0,"menu_order":0,"comment_status":"closed","ping_status":"closed","template":"","meta":{"_acf_changed":false,"inline_featured_image":false,"footnotes":""},"class_list":["post-12647","page","type-page","status-publish","hentry"],"acf":[],"yoast_head":"<!-- This site is optimized with the Yoast SEO Premium plugin v27.3 (Yoast SEO v27.3) - https:\/\/yoast.com\/product\/yoast-seo-premium-wordpress\/ -->\n<title>C\u00f3mo invitar a dependientes a usar tu beneficio de Calm for Business | Calm Health<\/title>\n<meta name=\"robots\" content=\"noindex, nofollow\" \/>\n<meta property=\"og:locale\" content=\"es_MX\" \/>\n<meta property=\"og:type\" content=\"article\" \/>\n<meta property=\"og:title\" content=\"C\u00f3mo invitar a dependientes a usar tu beneficio de Calm for Business\" \/>\n<meta property=\"og:url\" content=\"https:\/\/health.calm.com\/es\/como-invitar-a-dependientes-a-usar-tu-beneficio-de-calm-for-business\/\" \/>\n<meta property=\"og:site_name\" content=\"Calm Health\" \/>\n<meta property=\"article:publisher\" content=\"https:\/\/www.facebook.com\/calm\" \/>\n<meta property=\"article:modified_time\" content=\"2025-03-21T22:43:59+00:00\" \/>\n<meta name=\"twitter:card\" content=\"summary_large_image\" \/>\n<meta name=\"twitter:site\" content=\"@calm\" \/>\n<meta name=\"twitter:label1\" content=\"Tiempo de lectura\" \/>\n\t<meta name=\"twitter:data1\" content=\"2 minutos\" \/>\n<script type=\"application\/ld+json\" class=\"yoast-schema-graph\">{\"@context\":\"https:\\\/\\\/schema.org\",\"@graph\":[{\"@type\":\"WebPage\",\"@id\":\"https:\\\/\\\/health.calm.com\\\/es\\\/como-invitar-a-dependientes-a-usar-tu-beneficio-de-calm-for-business\\\/\",\"url\":\"https:\\\/\\\/health.calm.com\\\/es\\\/como-invitar-a-dependientes-a-usar-tu-beneficio-de-calm-for-business\\\/\",\"name\":\"C\u00f3mo invitar a dependientes a usar tu beneficio de Calm for Business | Calm Health\",\"isPartOf\":{\"@id\":\"https:\\\/\\\/health.calm.com\\\/es\\\/#website\"},\"datePublished\":\"2023-01-04T19:57:58+00:00\",\"dateModified\":\"2025-03-21T22:43:59+00:00\",\"breadcrumb\":{\"@id\":\"https:\\\/\\\/health.calm.com\\\/es\\\/como-invitar-a-dependientes-a-usar-tu-beneficio-de-calm-for-business\\\/#breadcrumb\"},\"inLanguage\":\"es\",\"potentialAction\":[{\"@type\":\"ReadAction\",\"target\":[\"https:\\\/\\\/health.calm.com\\\/es\\\/como-invitar-a-dependientes-a-usar-tu-beneficio-de-calm-for-business\\\/\"]}]},{\"@type\":\"BreadcrumbList\",\"@id\":\"https:\\\/\\\/health.calm.com\\\/es\\\/como-invitar-a-dependientes-a-usar-tu-beneficio-de-calm-for-business\\\/#breadcrumb\",\"itemListElement\":[{\"@type\":\"ListItem\",\"position\":1,\"name\":\"Home\",\"item\":\"https:\\\/\\\/health.calm.com\\\/es\\\/\"},{\"@type\":\"ListItem\",\"position\":2,\"name\":\"C\u00f3mo invitar a dependientes a usar tu beneficio de Calm for Business\"}]},{\"@type\":\"WebSite\",\"@id\":\"https:\\\/\\\/health.calm.com\\\/es\\\/#website\",\"url\":\"https:\\\/\\\/health.calm.com\\\/es\\\/\",\"name\":\"Calm Health\",\"description\":\"A Clear Path to Mental Health Support\",\"publisher\":{\"@id\":\"https:\\\/\\\/health.calm.com\\\/es\\\/#organization\"},\"alternateName\":\"Calm\",\"potentialAction\":[{\"@type\":\"SearchAction\",\"target\":{\"@type\":\"EntryPoint\",\"urlTemplate\":\"https:\\\/\\\/health.calm.com\\\/es\\\/?s={search_term_string}\"},\"query-input\":{\"@type\":\"PropertyValueSpecification\",\"valueRequired\":true,\"valueName\":\"search_term_string\"}}],\"inLanguage\":\"es\"},{\"@type\":\"Organization\",\"@id\":\"https:\\\/\\\/health.calm.com\\\/es\\\/#organization\",\"name\":\"Calm Health\",\"alternateName\":\"Calm\",\"url\":\"https:\\\/\\\/health.calm.com\\\/es\\\/\",\"logo\":{\"@type\":\"ImageObject\",\"inLanguage\":\"es\",\"@id\":\"https:\\\/\\\/health.calm.com\\\/es\\\/#\\\/schema\\\/logo\\\/image\\\/\",\"url\":\"https:\\\/\\\/health.calm.com\\\/wp-content\\\/uploads\\\/2024\\\/08\\\/calm-health-logo.png\",\"contentUrl\":\"https:\\\/\\\/health.calm.com\\\/wp-content\\\/uploads\\\/2024\\\/08\\\/calm-health-logo.png\",\"width\":557,\"height\":271,\"caption\":\"Calm Health\"},\"image\":{\"@id\":\"https:\\\/\\\/health.calm.com\\\/es\\\/#\\\/schema\\\/logo\\\/image\\\/\"},\"sameAs\":[\"https:\\\/\\\/www.facebook.com\\\/calm\",\"https:\\\/\\\/x.com\\\/calm\",\"https:\\\/\\\/www.linkedin.com\\\/company\\\/calm-com\\\/\",\"https:\\\/\\\/www.instagram.com\\\/calm\"]}]}<\/script>\n<!-- \/ Yoast SEO Premium plugin. -->","yoast_head_json":{"title":"C\u00f3mo invitar a dependientes a usar tu beneficio de Calm for Business | Calm Health","robots":{"index":"noindex","follow":"nofollow"},"og_locale":"es_MX","og_type":"article","og_title":"C\u00f3mo invitar a dependientes a usar tu beneficio de Calm for Business","og_url":"https:\/\/health.calm.com\/es\/como-invitar-a-dependientes-a-usar-tu-beneficio-de-calm-for-business\/","og_site_name":"Calm Health","article_publisher":"https:\/\/www.facebook.com\/calm","article_modified_time":"2025-03-21T22:43:59+00:00","twitter_card":"summary_large_image","twitter_site":"@calm","twitter_misc":{"Tiempo de lectura":"2 minutos"},"schema":{"@context":"https:\/\/schema.org","@graph":[{"@type":"WebPage","@id":"https:\/\/health.calm.com\/es\/como-invitar-a-dependientes-a-usar-tu-beneficio-de-calm-for-business\/","url":"https:\/\/health.calm.com\/es\/como-invitar-a-dependientes-a-usar-tu-beneficio-de-calm-for-business\/","name":"C\u00f3mo invitar a dependientes a usar tu beneficio de Calm for Business | Calm Health","isPartOf":{"@id":"https:\/\/health.calm.com\/es\/#website"},"datePublished":"2023-01-04T19:57:58+00:00","dateModified":"2025-03-21T22:43:59+00:00","breadcrumb":{"@id":"https:\/\/health.calm.com\/es\/como-invitar-a-dependientes-a-usar-tu-beneficio-de-calm-for-business\/#breadcrumb"},"inLanguage":"es","potentialAction":[{"@type":"ReadAction","target":["https:\/\/health.calm.com\/es\/como-invitar-a-dependientes-a-usar-tu-beneficio-de-calm-for-business\/"]}]},{"@type":"BreadcrumbList","@id":"https:\/\/health.calm.com\/es\/como-invitar-a-dependientes-a-usar-tu-beneficio-de-calm-for-business\/#breadcrumb","itemListElement":[{"@type":"ListItem","position":1,"name":"Home","item":"https:\/\/health.calm.com\/es\/"},{"@type":"ListItem","position":2,"name":"C\u00f3mo invitar a dependientes a usar tu beneficio de Calm for Business"}]},{"@type":"WebSite","@id":"https:\/\/health.calm.com\/es\/#website","url":"https:\/\/health.calm.com\/es\/","name":"Calm Health","description":"A Clear Path to Mental Health Support","publisher":{"@id":"https:\/\/health.calm.com\/es\/#organization"},"alternateName":"Calm","potentialAction":[{"@type":"SearchAction","target":{"@type":"EntryPoint","urlTemplate":"https:\/\/health.calm.com\/es\/?s={search_term_string}"},"query-input":{"@type":"PropertyValueSpecification","valueRequired":true,"valueName":"search_term_string"}}],"inLanguage":"es"},{"@type":"Organization","@id":"https:\/\/health.calm.com\/es\/#organization","name":"Calm Health","alternateName":"Calm","url":"https:\/\/health.calm.com\/es\/","logo":{"@type":"ImageObject","inLanguage":"es","@id":"https:\/\/health.calm.com\/es\/#\/schema\/logo\/image\/","url":"https:\/\/health.calm.com\/wp-content\/uploads\/2024\/08\/calm-health-logo.png","contentUrl":"https:\/\/health.calm.com\/wp-content\/uploads\/2024\/08\/calm-health-logo.png","width":557,"height":271,"caption":"Calm Health"},"image":{"@id":"https:\/\/health.calm.com\/es\/#\/schema\/logo\/image\/"},"sameAs":["https:\/\/www.facebook.com\/calm","https:\/\/x.com\/calm","https:\/\/www.linkedin.com\/company\/calm-com\/","https:\/\/www.instagram.com\/calm"]}]}},"_links":{"self":[{"href":"https:\/\/health.calm.com\/es\/wp-json\/wp\/v2\/pages\/12647","targetHints":{"allow":["GET"]}}],"collection":[{"href":"https:\/\/health.calm.com\/es\/wp-json\/wp\/v2\/pages"}],"about":[{"href":"https:\/\/health.calm.com\/es\/wp-json\/wp\/v2\/types\/page"}],"author":[{"embeddable":true,"href":"https:\/\/health.calm.com\/es\/wp-json\/wp\/v2\/users\/21"}],"replies":[{"embeddable":true,"href":"https:\/\/health.calm.com\/es\/wp-json\/wp\/v2\/comments?post=12647"}],"version-history":[{"count":10,"href":"https:\/\/health.calm.com\/es\/wp-json\/wp\/v2\/pages\/12647\/revisions"}],"predecessor-version":[{"id":22400,"href":"https:\/\/health.calm.com\/es\/wp-json\/wp\/v2\/pages\/12647\/revisions\/22400"}],"wp:attachment":[{"href":"https:\/\/health.calm.com\/es\/wp-json\/wp\/v2\/media?parent=12647"}],"curies":[{"name":"wp","href":"https:\/\/api.w.org\/{rel}","templated":true}]}}