{"id":12580,"date":"2023-01-04T11:57:58","date_gmt":"2023-01-04T19:57:58","guid":{"rendered":"https:\/\/health.calm.com\/?page_id=12580"},"modified":"2025-03-21T15:43:46","modified_gmt":"2025-03-21T22:43:46","slug":"so-laedst-du-angehoerige-dazu-ein-deine-vorteile-von-calm-fuer-unternehmen-zu-nutzen","status":"publish","type":"page","link":"https:\/\/health.calm.com\/de\/so-laedst-du-angehoerige-dazu-ein-deine-vorteile-von-calm-fuer-unternehmen-zu-nutzen\/","title":{"rendered":"So l\u00e4dst du Angeh\u00f6rige dazu ein, deine Vorteile von Calm f\u00fcr Unternehmen zu nutzen"},"content":{"rendered":"\n\n<section class=\"copy-block copy-block--center  block block--block_072afac44bc6b01c51ec773da95a4db0\">\n    <style>\n          @media (min-width: 0px) {\n        .block--block_072afac44bc6b01c51ec773da95a4db0 {\n          margin-top: 6rem!important;          margin-bottom: 2rem!important;        }\n      }\n          @media (min-width: 1025px) {\n        .block--block_072afac44bc6b01c51ec773da95a4db0 {\n          margin-top: 9rem!important;                  }\n      }\n      <\/style>\n  <div class=\"container\">\n    <div class=\"row row--jcc text-center \">\n      <div class=\"col-xs-12 col-lg-10 col-xl-9\">\n        <div class=\"copy-block__copy copy \">\n          <h1><span class=\"text-navy\">So l\u00e4dst du Angeh\u00f6rige dazu ein, deine Vorteile von Calm f\u00fcr Unternehmen zu nutzen<\/span><\/h1>\n<p>Gehe wie folgt vor, damit auch deine Angeh\u00f6rigen deine Vorteile von Calm-Business genie\u00dfen k\u00f6nnen. Diese Angeh\u00f6rigen m\u00fcssen mindestens 16 Jahre alt sein. Falls du noch Fragen hast, schau doch mal in unser <a href=\"https:\/\/support.calm.com\/hc\/de\/sections\/7515024959003-F%C3%BCr-Angeh%C3%B6rige\">Hilfecenter<\/a> oder wende dich an unseren <a href=\"https:\/\/support.calm.com\/hc\/de\/requests\/new\">Kunden-Support<\/a>.<\/p>\n\n        <\/div>\n      <\/div>\n    <\/div>\n  <\/div>\n<\/section>\n\n\n\n<section class=\"step-cards block block--block_2912c83d4922e3bf7ad9f60c38659e40\">\n    <style>\n          @media (min-width: 0px) {\n        .block--block_2912c83d4922e3bf7ad9f60c38659e40 {\n          margin-top: 2rem!important;                  }\n      }\n      <\/style>\n  <div class=\"container\">\n    <div class=\"row row--jcc\">\n      <div class=\"col-xs-12 col-xl-10 step-cards__wrapper\">\n                  <div class=\"step-cards__card-wrapper\">\n            <div class=\"card step-cards__card\">\n              <h2 class=\"step-cards__title\">Schritt 1<\/h2>\n              <div class=\"step-cards__copy\">\n                <p>Sobald du dein vom Arbeitgeber bereitgestelltes Abonnement aktiviert hast, hast du in deinem Calm-Konto unter <a href=\"http:\/\/www.calm.com\/\">www.calm.com<\/a> auf der Seite \u201eAbonnement verwalten\u201c Zugriff auf die Schaltfl\u00e4che \u201e<a href=\"https:\/\/www.calm.com\/profile\/manage-subscription\">Angeh\u00f6rige verwalten<\/a>\u201c. Diese Funktion ist in der mobilen App nicht verf\u00fcgbar.<\/p>\n\n              <\/div>\n              <div class=\"step-cards__image\">\n                \n\n\n\n  <picture>\n    \n    \n                  <source media=\"(min-width: 1024px)\" data-srcset=\"https:\/\/health.calm.com\/wp-content\/uploads\/2023\/04\/Dependents_DE_1-847x0-c-center.webp 1x, https:\/\/health.calm.com\/wp-content\/uploads\/2023\/04\/Dependents_DE_1-1694x0-c-center.webp 2x\" type=\"image\/webp\">\n            <source media=\"(min-width: 1024px)\" data-srcset=\"https:\/\/health.calm.com\/wp-content\/uploads\/2023\/04\/Dependents_DE_1-847x0-c-center.png 1x, https:\/\/health.calm.com\/wp-content\/uploads\/2023\/04\/Dependents_DE_1-1694x0-c-center.png 2x\" type=\"image\/png\">\n    \n                  <source media=\"(min-width: 768px)\" data-srcset=\"https:\/\/health.calm.com\/wp-content\/uploads\/2023\/04\/Dependents_DE_1-655x0-c-center.webp 1x, https:\/\/health.calm.com\/wp-content\/uploads\/2023\/04\/Dependents_DE_1-1310x0-c-center.webp 2x\" type=\"image\/webp\">\n            <source media=\"(min-width: 768px)\" data-srcset=\"https:\/\/health.calm.com\/wp-content\/uploads\/2023\/04\/Dependents_DE_1-655x0-c-center.png 1x, https:\/\/health.calm.com\/wp-content\/uploads\/2023\/04\/Dependents_DE_1-1310x0-c-center.png 2x\" type=\"image\/png\">\n    \n        \n                  <source media=\"(min-width: 0px)\" data-srcset=\"https:\/\/health.calm.com\/wp-content\/uploads\/2023\/04\/Dependents_DE_1-400x0-c-center.webp 1x, https:\/\/health.calm.com\/wp-content\/uploads\/2023\/04\/Dependents_DE_1-800x0-c-center.webp 2x\" type=\"image\/webp\">\n            <source media=\"(min-width: 0px)\" data-srcset=\"https:\/\/health.calm.com\/wp-content\/uploads\/2023\/04\/Dependents_DE_1-400x0-c-center.png 1x, https:\/\/health.calm.com\/wp-content\/uploads\/2023\/04\/Dependents_DE_1-800x0-c-center.png 2x\" type=\"image\/png\">\n            \n    <img decoding=\"async\"\n                        src=\"data:image\/svg+xml,%3Csvg xmlns='http:\/\/www.w3.org\/2000\/svg' viewBox='0 0 800 0'%3E%3C\/svg%3E\"\n                \n        data-srcset=\"https:\/\/health.calm.com\/wp-content\/uploads\/2023\/04\/Dependents_DE_1-400x0-c-center.png 1x, https:\/\/health.calm.com\/wp-content\/uploads\/2023\/04\/Dependents_DE_1-800x0-c-center.png 2x\" \n        data-src=\"https:\/\/health.calm.com\/wp-content\/uploads\/2023\/04\/Dependents_DE_1-400x0-c-center.png\" \n        class=\"lazyload \"\n        loading=\"lazy\"\n\n      \n      alt=\"a computer screen with a web page on it\" \n      width=\"800\"\n      height=\"800\"\n    >\n  <\/picture>\n              <\/div>\n            <\/div>\n          <\/div>\n                  <div class=\"step-cards__card-wrapper\">\n            <div class=\"card step-cards__card\">\n              <h2 class=\"step-cards__title\">Schritt 2<\/h2>\n              <div class=\"step-cards__copy\">\n                <p>Klicke auf die Schaltfl\u00e4che \u201eAngeh\u00f6rige verwalten\u201c, um zu einer neuen Seite zu gelangen. Dort kannst du \u00fcber die Schaltfl\u00e4che \u201eAngeh\u00f6rige einladen\u201c die Angeh\u00f6rigen f\u00fcr dein Calm-Business-Konto verwalten.<\/p>\n\n              <\/div>\n              <div class=\"step-cards__image\">\n                \n\n\n\n  <picture>\n    \n    \n                  <source media=\"(min-width: 1024px)\" data-srcset=\"https:\/\/health.calm.com\/wp-content\/uploads\/2023\/04\/Dependents_DE_2-847x0-c-center.webp 1x, https:\/\/health.calm.com\/wp-content\/uploads\/2023\/04\/Dependents_DE_2-1694x0-c-center.webp 2x\" type=\"image\/webp\">\n            <source media=\"(min-width: 1024px)\" data-srcset=\"https:\/\/health.calm.com\/wp-content\/uploads\/2023\/04\/Dependents_DE_2-847x0-c-center.png 1x, https:\/\/health.calm.com\/wp-content\/uploads\/2023\/04\/Dependents_DE_2-1694x0-c-center.png 2x\" type=\"image\/png\">\n    \n                  <source media=\"(min-width: 768px)\" data-srcset=\"https:\/\/health.calm.com\/wp-content\/uploads\/2023\/04\/Dependents_DE_2-655x0-c-center.webp 1x, https:\/\/health.calm.com\/wp-content\/uploads\/2023\/04\/Dependents_DE_2-1310x0-c-center.webp 2x\" type=\"image\/webp\">\n            <source media=\"(min-width: 768px)\" data-srcset=\"https:\/\/health.calm.com\/wp-content\/uploads\/2023\/04\/Dependents_DE_2-655x0-c-center.png 1x, https:\/\/health.calm.com\/wp-content\/uploads\/2023\/04\/Dependents_DE_2-1310x0-c-center.png 2x\" type=\"image\/png\">\n    \n        \n                  <source media=\"(min-width: 0px)\" data-srcset=\"https:\/\/health.calm.com\/wp-content\/uploads\/2023\/04\/Dependents_DE_2-400x0-c-center.webp 1x, https:\/\/health.calm.com\/wp-content\/uploads\/2023\/04\/Dependents_DE_2-800x0-c-center.webp 2x\" type=\"image\/webp\">\n            <source media=\"(min-width: 0px)\" data-srcset=\"https:\/\/health.calm.com\/wp-content\/uploads\/2023\/04\/Dependents_DE_2-400x0-c-center.png 1x, https:\/\/health.calm.com\/wp-content\/uploads\/2023\/04\/Dependents_DE_2-800x0-c-center.png 2x\" type=\"image\/png\">\n            \n    <img decoding=\"async\"\n                        src=\"data:image\/svg+xml,%3Csvg xmlns='http:\/\/www.w3.org\/2000\/svg' viewBox='0 0 800 0'%3E%3C\/svg%3E\"\n                \n        data-srcset=\"https:\/\/health.calm.com\/wp-content\/uploads\/2023\/04\/Dependents_DE_2-400x0-c-center.png 1x, https:\/\/health.calm.com\/wp-content\/uploads\/2023\/04\/Dependents_DE_2-800x0-c-center.png 2x\" \n        data-src=\"https:\/\/health.calm.com\/wp-content\/uploads\/2023\/04\/Dependents_DE_2-400x0-c-center.png\" \n        class=\"lazyload \"\n        loading=\"lazy\"\n\n      \n      alt=\"a screenshot of a web page with a blue background\" \n      width=\"800\"\n      height=\"800\"\n    >\n  <\/picture>\n              <\/div>\n            <\/div>\n          <\/div>\n                  <div class=\"step-cards__card-wrapper\">\n            <div class=\"card step-cards__card\">\n              <h2 class=\"step-cards__title\">Schritt 3<\/h2>\n              <div class=\"step-cards__copy\">\n                <p>Kopiere den Einladungslink, und schicke ihn direkt an die Angeh\u00f6rigen, die du einladen m\u00f6chtest. Du kannst \u00fcber die Schaltfl\u00e4che \u201eE-Mail-Link\u201c deinen Angeh\u00f6rigen auch direkt von deinem Calm-Konto aus den Link per Email zukommen lassen. Stelle bitte sicher, dass deine Angeh\u00f6rigen die aktuelle Version der Calm-App auf ihrem Mobilger\u00e4t haben.<\/p>\n\n              <\/div>\n              <div class=\"step-cards__image\">\n                \n\n\n\n  <picture>\n    \n    \n                  <source media=\"(min-width: 1024px)\" data-srcset=\"https:\/\/health.calm.com\/wp-content\/uploads\/2023\/04\/Dependents_DE_3-847x0-c-center.webp 1x, https:\/\/health.calm.com\/wp-content\/uploads\/2023\/04\/Dependents_DE_3-1694x0-c-center.webp 2x\" type=\"image\/webp\">\n            <source media=\"(min-width: 1024px)\" data-srcset=\"https:\/\/health.calm.com\/wp-content\/uploads\/2023\/04\/Dependents_DE_3-847x0-c-center.png 1x, https:\/\/health.calm.com\/wp-content\/uploads\/2023\/04\/Dependents_DE_3-1694x0-c-center.png 2x\" type=\"image\/png\">\n    \n                  <source media=\"(min-width: 768px)\" data-srcset=\"https:\/\/health.calm.com\/wp-content\/uploads\/2023\/04\/Dependents_DE_3-655x0-c-center.webp 1x, https:\/\/health.calm.com\/wp-content\/uploads\/2023\/04\/Dependents_DE_3-1310x0-c-center.webp 2x\" type=\"image\/webp\">\n            <source media=\"(min-width: 768px)\" data-srcset=\"https:\/\/health.calm.com\/wp-content\/uploads\/2023\/04\/Dependents_DE_3-655x0-c-center.png 1x, https:\/\/health.calm.com\/wp-content\/uploads\/2023\/04\/Dependents_DE_3-1310x0-c-center.png 2x\" type=\"image\/png\">\n    \n        \n                  <source media=\"(min-width: 0px)\" data-srcset=\"https:\/\/health.calm.com\/wp-content\/uploads\/2023\/04\/Dependents_DE_3-400x0-c-center.webp 1x, https:\/\/health.calm.com\/wp-content\/uploads\/2023\/04\/Dependents_DE_3-800x0-c-center.webp 2x\" type=\"image\/webp\">\n            <source media=\"(min-width: 0px)\" data-srcset=\"https:\/\/health.calm.com\/wp-content\/uploads\/2023\/04\/Dependents_DE_3-400x0-c-center.png 1x, https:\/\/health.calm.com\/wp-content\/uploads\/2023\/04\/Dependents_DE_3-800x0-c-center.png 2x\" type=\"image\/png\">\n            \n    <img decoding=\"async\"\n                        src=\"data:image\/svg+xml,%3Csvg xmlns='http:\/\/www.w3.org\/2000\/svg' viewBox='0 0 800 0'%3E%3C\/svg%3E\"\n                \n        data-srcset=\"https:\/\/health.calm.com\/wp-content\/uploads\/2023\/04\/Dependents_DE_3-400x0-c-center.png 1x, https:\/\/health.calm.com\/wp-content\/uploads\/2023\/04\/Dependents_DE_3-800x0-c-center.png 2x\" \n        data-src=\"https:\/\/health.calm.com\/wp-content\/uploads\/2023\/04\/Dependents_DE_3-400x0-c-center.png\" \n        class=\"lazyload \"\n        loading=\"lazy\"\n\n      \n      alt=\"a computer screen with a blue background\" \n      width=\"800\"\n      height=\"800\"\n    >\n  <\/picture>\n              <\/div>\n            <\/div>\n          <\/div>\n              <\/div>\n    <\/div>\n   <\/div>\n<\/section>","protected":false},"excerpt":{"rendered":"","protected":false},"author":1,"featured_media":0,"parent":0,"menu_order":0,"comment_status":"closed","ping_status":"closed","template":"","meta":{"_acf_changed":false,"inline_featured_image":false,"footnotes":""},"class_list":["post-12580","page","type-page","status-publish","hentry"],"acf":[],"yoast_head":"<!-- This site is optimized with the Yoast SEO Premium plugin v27.3 (Yoast SEO v27.3) - https:\/\/yoast.com\/product\/yoast-seo-premium-wordpress\/ -->\n<title>So l\u00e4dst du Angeh\u00f6rige dazu ein, deine Vorteile von Calm f\u00fcr Unternehmen zu nutzen | Calm Health<\/title>\n<meta name=\"robots\" content=\"noindex, nofollow\" \/>\n<meta property=\"og:locale\" content=\"de_DE\" \/>\n<meta property=\"og:type\" content=\"article\" \/>\n<meta property=\"og:title\" content=\"So l\u00e4dst du Angeh\u00f6rige dazu ein, deine Vorteile von Calm f\u00fcr Unternehmen zu nutzen\" \/>\n<meta property=\"og:url\" content=\"https:\/\/health.calm.com\/de\/so-laedst-du-angehoerige-dazu-ein-deine-vorteile-von-calm-fuer-unternehmen-zu-nutzen\/\" \/>\n<meta property=\"og:site_name\" content=\"Calm Health\" \/>\n<meta property=\"article:publisher\" content=\"https:\/\/www.facebook.com\/calm\" \/>\n<meta property=\"article:modified_time\" content=\"2025-03-21T22:43:46+00:00\" \/>\n<meta name=\"twitter:card\" content=\"summary_large_image\" \/>\n<meta name=\"twitter:site\" content=\"@calm\" \/>\n<meta name=\"twitter:label1\" content=\"Gesch\u00e4tzte Lesezeit\" \/>\n\t<meta name=\"twitter:data1\" content=\"2\u00a0Minuten\" \/>\n<script type=\"application\/ld+json\" class=\"yoast-schema-graph\">{\"@context\":\"https:\\\/\\\/schema.org\",\"@graph\":[{\"@type\":\"WebPage\",\"@id\":\"https:\\\/\\\/health.calm.com\\\/de\\\/so-laedst-du-angehoerige-dazu-ein-deine-vorteile-von-calm-fuer-unternehmen-zu-nutzen\\\/\",\"url\":\"https:\\\/\\\/health.calm.com\\\/de\\\/so-laedst-du-angehoerige-dazu-ein-deine-vorteile-von-calm-fuer-unternehmen-zu-nutzen\\\/\",\"name\":\"So l\u00e4dst du Angeh\u00f6rige dazu ein, deine Vorteile von Calm f\u00fcr Unternehmen zu nutzen | Calm Health\",\"isPartOf\":{\"@id\":\"https:\\\/\\\/health.calm.com\\\/de\\\/#website\"},\"datePublished\":\"2023-01-04T19:57:58+00:00\",\"dateModified\":\"2025-03-21T22:43:46+00:00\",\"breadcrumb\":{\"@id\":\"https:\\\/\\\/health.calm.com\\\/de\\\/so-laedst-du-angehoerige-dazu-ein-deine-vorteile-von-calm-fuer-unternehmen-zu-nutzen\\\/#breadcrumb\"},\"inLanguage\":\"de\",\"potentialAction\":[{\"@type\":\"ReadAction\",\"target\":[\"https:\\\/\\\/health.calm.com\\\/de\\\/so-laedst-du-angehoerige-dazu-ein-deine-vorteile-von-calm-fuer-unternehmen-zu-nutzen\\\/\"]}]},{\"@type\":\"BreadcrumbList\",\"@id\":\"https:\\\/\\\/health.calm.com\\\/de\\\/so-laedst-du-angehoerige-dazu-ein-deine-vorteile-von-calm-fuer-unternehmen-zu-nutzen\\\/#breadcrumb\",\"itemListElement\":[{\"@type\":\"ListItem\",\"position\":1,\"name\":\"Home\",\"item\":\"https:\\\/\\\/health.calm.com\\\/de\\\/\"},{\"@type\":\"ListItem\",\"position\":2,\"name\":\"So l\u00e4dst du Angeh\u00f6rige dazu ein, deine Vorteile von Calm f\u00fcr Unternehmen zu nutzen\"}]},{\"@type\":\"WebSite\",\"@id\":\"https:\\\/\\\/health.calm.com\\\/de\\\/#website\",\"url\":\"https:\\\/\\\/health.calm.com\\\/de\\\/\",\"name\":\"Calm Health\",\"description\":\"A Clear Path to Mental Health Support\",\"publisher\":{\"@id\":\"https:\\\/\\\/health.calm.com\\\/de\\\/#organization\"},\"alternateName\":\"Calm\",\"potentialAction\":[{\"@type\":\"SearchAction\",\"target\":{\"@type\":\"EntryPoint\",\"urlTemplate\":\"https:\\\/\\\/health.calm.com\\\/de\\\/?s={search_term_string}\"},\"query-input\":{\"@type\":\"PropertyValueSpecification\",\"valueRequired\":true,\"valueName\":\"search_term_string\"}}],\"inLanguage\":\"de\"},{\"@type\":\"Organization\",\"@id\":\"https:\\\/\\\/health.calm.com\\\/de\\\/#organization\",\"name\":\"Calm Health\",\"alternateName\":\"Calm\",\"url\":\"https:\\\/\\\/health.calm.com\\\/de\\\/\",\"logo\":{\"@type\":\"ImageObject\",\"inLanguage\":\"de\",\"@id\":\"https:\\\/\\\/health.calm.com\\\/de\\\/#\\\/schema\\\/logo\\\/image\\\/\",\"url\":\"https:\\\/\\\/health.calm.com\\\/wp-content\\\/uploads\\\/2024\\\/08\\\/calm-health-logo.png\",\"contentUrl\":\"https:\\\/\\\/health.calm.com\\\/wp-content\\\/uploads\\\/2024\\\/08\\\/calm-health-logo.png\",\"width\":557,\"height\":271,\"caption\":\"Calm Health\"},\"image\":{\"@id\":\"https:\\\/\\\/health.calm.com\\\/de\\\/#\\\/schema\\\/logo\\\/image\\\/\"},\"sameAs\":[\"https:\\\/\\\/www.facebook.com\\\/calm\",\"https:\\\/\\\/x.com\\\/calm\",\"https:\\\/\\\/www.linkedin.com\\\/company\\\/calm-com\\\/\",\"https:\\\/\\\/www.instagram.com\\\/calm\"]}]}<\/script>\n<!-- \/ Yoast SEO Premium plugin. -->","yoast_head_json":{"title":"So l\u00e4dst du Angeh\u00f6rige dazu ein, deine Vorteile von Calm f\u00fcr Unternehmen zu nutzen | Calm Health","robots":{"index":"noindex","follow":"nofollow"},"og_locale":"de_DE","og_type":"article","og_title":"So l\u00e4dst du Angeh\u00f6rige dazu ein, deine Vorteile von Calm f\u00fcr Unternehmen zu nutzen","og_url":"https:\/\/health.calm.com\/de\/so-laedst-du-angehoerige-dazu-ein-deine-vorteile-von-calm-fuer-unternehmen-zu-nutzen\/","og_site_name":"Calm Health","article_publisher":"https:\/\/www.facebook.com\/calm","article_modified_time":"2025-03-21T22:43:46+00:00","twitter_card":"summary_large_image","twitter_site":"@calm","twitter_misc":{"Gesch\u00e4tzte Lesezeit":"2\u00a0Minuten"},"schema":{"@context":"https:\/\/schema.org","@graph":[{"@type":"WebPage","@id":"https:\/\/health.calm.com\/de\/so-laedst-du-angehoerige-dazu-ein-deine-vorteile-von-calm-fuer-unternehmen-zu-nutzen\/","url":"https:\/\/health.calm.com\/de\/so-laedst-du-angehoerige-dazu-ein-deine-vorteile-von-calm-fuer-unternehmen-zu-nutzen\/","name":"So l\u00e4dst du Angeh\u00f6rige dazu ein, deine Vorteile von Calm f\u00fcr Unternehmen zu nutzen | Calm Health","isPartOf":{"@id":"https:\/\/health.calm.com\/de\/#website"},"datePublished":"2023-01-04T19:57:58+00:00","dateModified":"2025-03-21T22:43:46+00:00","breadcrumb":{"@id":"https:\/\/health.calm.com\/de\/so-laedst-du-angehoerige-dazu-ein-deine-vorteile-von-calm-fuer-unternehmen-zu-nutzen\/#breadcrumb"},"inLanguage":"de","potentialAction":[{"@type":"ReadAction","target":["https:\/\/health.calm.com\/de\/so-laedst-du-angehoerige-dazu-ein-deine-vorteile-von-calm-fuer-unternehmen-zu-nutzen\/"]}]},{"@type":"BreadcrumbList","@id":"https:\/\/health.calm.com\/de\/so-laedst-du-angehoerige-dazu-ein-deine-vorteile-von-calm-fuer-unternehmen-zu-nutzen\/#breadcrumb","itemListElement":[{"@type":"ListItem","position":1,"name":"Home","item":"https:\/\/health.calm.com\/de\/"},{"@type":"ListItem","position":2,"name":"So l\u00e4dst du Angeh\u00f6rige dazu ein, deine Vorteile von Calm f\u00fcr Unternehmen zu nutzen"}]},{"@type":"WebSite","@id":"https:\/\/health.calm.com\/de\/#website","url":"https:\/\/health.calm.com\/de\/","name":"Calm Health","description":"A Clear Path to Mental Health Support","publisher":{"@id":"https:\/\/health.calm.com\/de\/#organization"},"alternateName":"Calm","potentialAction":[{"@type":"SearchAction","target":{"@type":"EntryPoint","urlTemplate":"https:\/\/health.calm.com\/de\/?s={search_term_string}"},"query-input":{"@type":"PropertyValueSpecification","valueRequired":true,"valueName":"search_term_string"}}],"inLanguage":"de"},{"@type":"Organization","@id":"https:\/\/health.calm.com\/de\/#organization","name":"Calm Health","alternateName":"Calm","url":"https:\/\/health.calm.com\/de\/","logo":{"@type":"ImageObject","inLanguage":"de","@id":"https:\/\/health.calm.com\/de\/#\/schema\/logo\/image\/","url":"https:\/\/health.calm.com\/wp-content\/uploads\/2024\/08\/calm-health-logo.png","contentUrl":"https:\/\/health.calm.com\/wp-content\/uploads\/2024\/08\/calm-health-logo.png","width":557,"height":271,"caption":"Calm Health"},"image":{"@id":"https:\/\/health.calm.com\/de\/#\/schema\/logo\/image\/"},"sameAs":["https:\/\/www.facebook.com\/calm","https:\/\/x.com\/calm","https:\/\/www.linkedin.com\/company\/calm-com\/","https:\/\/www.instagram.com\/calm"]}]}},"_links":{"self":[{"href":"https:\/\/health.calm.com\/de\/wp-json\/wp\/v2\/pages\/12580","targetHints":{"allow":["GET"]}}],"collection":[{"href":"https:\/\/health.calm.com\/de\/wp-json\/wp\/v2\/pages"}],"about":[{"href":"https:\/\/health.calm.com\/de\/wp-json\/wp\/v2\/types\/page"}],"author":[{"embeddable":true,"href":"https:\/\/health.calm.com\/de\/wp-json\/wp\/v2\/users\/1"}],"replies":[{"embeddable":true,"href":"https:\/\/health.calm.com\/de\/wp-json\/wp\/v2\/comments?post=12580"}],"version-history":[{"count":7,"href":"https:\/\/health.calm.com\/de\/wp-json\/wp\/v2\/pages\/12580\/revisions"}],"predecessor-version":[{"id":22396,"href":"https:\/\/health.calm.com\/de\/wp-json\/wp\/v2\/pages\/12580\/revisions\/22396"}],"wp:attachment":[{"href":"https:\/\/health.calm.com\/de\/wp-json\/wp\/v2\/media?parent=12580"}],"curies":[{"name":"wp","href":"https:\/\/api.w.org\/{rel}","templated":true}]}}